{"id":1564,"date":"2021-04-21T08:42:48","date_gmt":"2021-04-21T06:42:48","guid":{"rendered":"https:\/\/www.supravent.com\/avis-legal\/"},"modified":"2024-10-24T11:27:56","modified_gmt":"2024-10-24T09:27:56","slug":"avis-legal","status":"publish","type":"page","link":"https:\/\/www.supravent.com\/ca\/avis-legal\/","title":{"rendered":"Av\u00eds Legal"},"content":{"rendered":"\t\t<div data-elementor-type=\"wp-page\" data-elementor-id=\"1564\" class=\"elementor elementor-1564 elementor-56\" data-elementor-post-type=\"page\">\n\t\t\t\t<div class=\"elementor-element elementor-element-a99a764 e-flex e-con-boxed e-con e-parent\" data-id=\"a99a764\" data-element_type=\"container\" data-settings=\"{&quot;background_background&quot;:&quot;classic&quot;}\">\n\t\t\t\t\t<div class=\"e-con-inner\">\n\t\t\t\t<div class=\"elementor-element elementor-element-798026c elementor-widget elementor-widget-heading\" data-id=\"798026c\" data-element_type=\"widget\" data-widget_type=\"heading.default\">\n\t\t\t\t<div class=\"elementor-widget-container\">\n\t\t\t<h2 class=\"elementor-heading-title elementor-size-default\">Av\u00eds legal<\/h2>\t\t<\/div>\n\t\t\t\t<\/div>\n\t\t\t\t\t<\/div>\n\t\t\t\t<\/div>\n\t\t<div class=\"elementor-element elementor-element-92049ea e-flex e-con-boxed e-con e-parent\" data-id=\"92049ea\" data-element_type=\"container\">\n\t\t\t\t\t<div class=\"e-con-inner\">\n\t\t\t\t<div class=\"elementor-element elementor-element-6b46c6f elementor-widget elementor-widget-text-editor\" data-id=\"6b46c6f\" data-element_type=\"widget\" data-widget_type=\"text-editor.default\">\n\t\t\t\t<div class=\"elementor-widget-container\">\n\t\t\t\t\t\t\t<p>El lloc web i el domini <a href=\"https:\/\/supravent.com\/\" target=\"_blank\" rel=\"noopener\">https:\/\/supravent.com\/<\/a> corresponen a SUPRAVENT VENTILATION SL (d&#8217;ara endavant Supravent), amb CIF B19917574, domiciliada al C\/Joan Rovira i Bastions, n\u00fam. 26, 17230 Palam\u00f3s (Girona), tel. 972.601.942, a\/e <a href=\"mailto:supravent@supravent.com\" target=\"_blank\" rel=\"noopener\">supravent@supravent.<\/a><wbr><\/wbr> <a href=\"mailto:supravent@supravent.com\" target=\"_blank\" rel=\"noopener\">com<\/a><\/p>\n<p>Figura inscrita al Registre Mercantil de Girona.<\/p>\n<p><strong>PROPIETAT INTEL\u00b7LECTUAL I INDUSTRIAL<\/strong><\/p>\n<p>Els continguts d&#8217;aquest lloc, incloent-hi els textos, imatges i dissenys gr\u00e0fics, pertanyen a Supravent, o a tercers que n&#8217;han autoritzat l&#8217;\u00fas espec\u00edficament al lloc web. Supravent presenta aquests continguts amb finalitats dinformaci\u00f3 i publicitat. Supravent n&#8217;autoritza la utilitzaci\u00f3 exclusivament per difondre els seus productes o serveis. Qualsevol utilitzaci\u00f3 d&#8217;aquests dissenys, imatges o textos haur\u00e0 de citar expressament la seva pertinen\u00e7a a Supravent, que es reserva el dret a iniciar les accions legals oportunes per reparar els danys i perjudicis causats per qualsevol acte que vulneri els seus drets de propietat intel\u00b7lectual intel\u00b7lectual o industrial . No s&#8217;autoritza la utilitzaci\u00f3 dels logotips, dissenys, marques o altres signes distintius de Supravent ni els clients de Supravent sense autoritzaci\u00f3 expressa, pr\u00e8via i per escrit dels titulars respectius dels drets.    <\/p>\n<p>No s&#8217;autoritzen presentacions dels continguts d&#8217;aquest lloc web en una finestra aliena a <a href=\"https:\/\/supravent.com\/\">https:\/\/supravent.com\/<\/a> (framing).<\/p>\n<p><strong>RESPONSABILITAT SOBRE ELS CONTINGUTS<\/strong><\/p>\n<p>Tot i que Supravent actua amb la m\u00e0xima dilig\u00e8ncia possible, es pot donar el cas que alguna dada o informaci\u00f3 no estigui del tot actualitzada en el moment que l&#8217;usuari del lloc web ho consulti. Per aix\u00f2 Supravent manifesta que les refer\u00e8ncies dels productes i preus que es presenten al nostre lloc web tenen una funci\u00f3 orientativa i no obliguen Supravent fins a la confirmaci\u00f3 expressa d&#8217;una comanda. <\/p>\n<p>Supravent no es fa responsable de la informaci\u00f3 que es pugui obtenir a trav\u00e9s d&#8217;enlla\u00e7os inclosos al lloc.<\/p>\n<p><strong>CONDICIONS D&#8217;\u00daS<\/strong><\/p>\n<p>L&#8217;\u00fas d&#8217;aquest lloc web implica l&#8217;acceptaci\u00f3 plena dels termes i les condicions del present av\u00eds legal. Els possibles conflictes relatius a aquest lloc web es regiran exclusivament pel dret de l&#8217;Estat espanyol. Tota persona usu\u00e0ria del web, independentment de la jurisdicci\u00f3 territorial des de la qual es produeixi l&#8217;acc\u00e9s, accepta el compliment i el respecte d&#8217;aquestes cl\u00e0usules.  <\/p>\n\t\t\t\t\t\t<\/div>\n\t\t\t\t<\/div>\n\t\t\t\t\t<\/div>\n\t\t\t\t<\/div>\n\t\t\t\t<\/div>\n\t\t","protected":false},"excerpt":{"rendered":"<p>Av\u00eds legal El lloc web i el domini https:\/\/supravent.com\/ corresponen a SUPRAVENT VENTILATION SL (d&#8217;ara endavant Supravent), amb CIF B19917574, domiciliada al C\/Joan Rovira i Bastions, n\u00fam. 26, 17230 Palam\u00f3s (Girona), tel. 972.601.942, a\/e supravent@supravent. com Figura inscrita al Registre Mercantil de Girona. PROPIETAT INTEL\u00b7LECTUAL I INDUSTRIAL Els continguts d&#8217;aquest lloc, incloent-hi els textos, imatges&hellip;&nbsp;<a href=\"https:\/\/www.supravent.com\/ca\/avis-legal\/\" class=\"\" rel=\"bookmark\">Llegiu m\u00e9s &raquo;<span class=\"screen-reader-text\">Av\u00eds Legal<\/span><\/a><\/p>\n","protected":false},"author":1,"featured_media":0,"parent":0,"menu_order":0,"comment_status":"closed","ping_status":"closed","template":"elementor_header_footer","meta":{"_acf_changed":false,"neve_meta_sidebar":"","neve_meta_container":"","neve_meta_enable_content_width":"off","neve_meta_content_width":100,"neve_meta_title_alignment":"","neve_meta_author_avatar":"","neve_post_elements_order":"","neve_meta_disable_header":"","neve_meta_disable_footer":"","neve_meta_disable_title":"","footnotes":""},"class_list":["post-1564","page","type-page","status-publish","hentry"],"acf":[],"yoast_head":"<!-- This site is optimized with the Yoast SEO plugin v24.1 - https:\/\/yoast.com\/wordpress\/plugins\/seo\/ -->\n<title>Av\u00eds Legal | SUPRAVENT<\/title>\n<meta name=\"robots\" content=\"noindex, follow\" \/>\n<meta property=\"og:locale\" content=\"ca_ES\" \/>\n<meta property=\"og:type\" content=\"article\" \/>\n<meta property=\"og:title\" content=\"Av\u00eds Legal | SUPRAVENT\" \/>\n<meta property=\"og:description\" content=\"Av\u00eds legal El lloc web i el domini https:\/\/supravent.com\/ corresponen a SUPRAVENT VENTILATION SL (d&#8217;ara endavant Supravent), amb CIF B19917574, domiciliada al C\/Joan Rovira i Bastions, n\u00fam. 26, 17230 Palam\u00f3s (Girona), tel. 972.601.942, a\/e supravent@supravent. com Figura inscrita al Registre Mercantil de Girona. PROPIETAT INTEL\u00b7LECTUAL I INDUSTRIAL Els continguts d&#8217;aquest lloc, incloent-hi els textos, imatges&hellip;&nbsp;Llegiu m\u00e9s &raquo;Av\u00eds Legal\" \/>\n<meta property=\"og:url\" content=\"https:\/\/www.supravent.com\/ca\/avis-legal\/\" \/>\n<meta property=\"og:site_name\" content=\"SUPRAVENT\" \/>\n<meta property=\"article:modified_time\" content=\"2024-10-24T09:27:56+00:00\" \/>\n<meta property=\"og:image\" content=\"https:\/\/www.supravent.com\/wp-content\/uploads\/2024\/10\/Supravent.jpg\" \/>\n\t<meta property=\"og:image:width\" content=\"1280\" \/>\n\t<meta property=\"og:image:height\" content=\"720\" \/>\n\t<meta property=\"og:image:type\" content=\"image\/jpeg\" \/>\n<meta name=\"twitter:card\" content=\"summary_large_image\" \/>\n<meta name=\"twitter:label1\" content=\"Temps estimat de lectura\" \/>\n\t<meta name=\"twitter:data1\" content=\"2 minuts\" \/>\n<script type=\"application\/ld+json\" class=\"yoast-schema-graph\">{\"@context\":\"https:\/\/schema.org\",\"@graph\":[{\"@type\":\"WebPage\",\"@id\":\"https:\/\/www.supravent.com\/ca\/avis-legal\/\",\"url\":\"https:\/\/www.supravent.com\/ca\/avis-legal\/\",\"name\":\"Av\u00eds Legal | SUPRAVENT\",\"isPartOf\":{\"@id\":\"https:\/\/www.supravent.com\/ca\/#website\"},\"datePublished\":\"2021-04-21T06:42:48+00:00\",\"dateModified\":\"2024-10-24T09:27:56+00:00\",\"breadcrumb\":{\"@id\":\"https:\/\/www.supravent.com\/ca\/avis-legal\/#breadcrumb\"},\"inLanguage\":\"ca\",\"potentialAction\":[{\"@type\":\"ReadAction\",\"target\":[\"https:\/\/www.supravent.com\/ca\/avis-legal\/\"]}]},{\"@type\":\"BreadcrumbList\",\"@id\":\"https:\/\/www.supravent.com\/ca\/avis-legal\/#breadcrumb\",\"itemListElement\":[{\"@type\":\"ListItem\",\"position\":1,\"name\":\"Supravent\",\"item\":\"https:\/\/www.supravent.com\/ca\/home\/\"},{\"@type\":\"ListItem\",\"position\":2,\"name\":\"Av\u00eds Legal\"}]},{\"@type\":\"WebSite\",\"@id\":\"https:\/\/www.supravent.com\/ca\/#website\",\"url\":\"https:\/\/www.supravent.com\/ca\/\",\"name\":\"SUPRAVENT\",\"description\":\"Soluciones de ventilaci\u00f3n\",\"publisher\":{\"@id\":\"https:\/\/www.supravent.com\/ca\/#organization\"},\"alternateName\":\"SUPRAVENT\",\"potentialAction\":[{\"@type\":\"SearchAction\",\"target\":{\"@type\":\"EntryPoint\",\"urlTemplate\":\"https:\/\/www.supravent.com\/ca\/?s={search_term_string}\"},\"query-input\":{\"@type\":\"PropertyValueSpecification\",\"valueRequired\":true,\"valueName\":\"search_term_string\"}}],\"inLanguage\":\"ca\"},{\"@type\":\"Organization\",\"@id\":\"https:\/\/www.supravent.com\/ca\/#organization\",\"name\":\"SUPRAVENT\",\"alternateName\":\"SUPRAVENT\",\"url\":\"https:\/\/www.supravent.com\/ca\/\",\"logo\":{\"@type\":\"ImageObject\",\"inLanguage\":\"ca\",\"@id\":\"https:\/\/www.supravent.com\/ca\/#\/schema\/logo\/image\/\",\"url\":\"https:\/\/www.supravent.com\/wp-content\/uploads\/2023\/11\/mini-imagotip.svg\",\"contentUrl\":\"https:\/\/www.supravent.com\/wp-content\/uploads\/2023\/11\/mini-imagotip.svg\",\"width\":16,\"height\":17,\"caption\":\"SUPRAVENT\"},\"image\":{\"@id\":\"https:\/\/www.supravent.com\/ca\/#\/schema\/logo\/image\/\"}}]}<\/script>\n<!-- \/ Yoast SEO plugin. -->","yoast_head_json":{"title":"Av\u00eds Legal | SUPRAVENT","robots":{"index":"noindex","follow":"follow"},"og_locale":"ca_ES","og_type":"article","og_title":"Av\u00eds Legal | SUPRAVENT","og_description":"Av\u00eds legal El lloc web i el domini https:\/\/supravent.com\/ corresponen a SUPRAVENT VENTILATION SL (d&#8217;ara endavant Supravent), amb CIF B19917574, domiciliada al C\/Joan Rovira i Bastions, n\u00fam. 26, 17230 Palam\u00f3s (Girona), tel. 972.601.942, a\/e supravent@supravent. com Figura inscrita al Registre Mercantil de Girona. PROPIETAT INTEL\u00b7LECTUAL I INDUSTRIAL Els continguts d&#8217;aquest lloc, incloent-hi els textos, imatges&hellip;&nbsp;Llegiu m\u00e9s &raquo;Av\u00eds Legal","og_url":"https:\/\/www.supravent.com\/ca\/avis-legal\/","og_site_name":"SUPRAVENT","article_modified_time":"2024-10-24T09:27:56+00:00","og_image":[{"width":1280,"height":720,"url":"https:\/\/www.supravent.com\/wp-content\/uploads\/2024\/10\/Supravent.jpg","type":"image\/jpeg"}],"twitter_card":"summary_large_image","twitter_misc":{"Temps estimat de lectura":"2 minuts"},"schema":{"@context":"https:\/\/schema.org","@graph":[{"@type":"WebPage","@id":"https:\/\/www.supravent.com\/ca\/avis-legal\/","url":"https:\/\/www.supravent.com\/ca\/avis-legal\/","name":"Av\u00eds Legal | SUPRAVENT","isPartOf":{"@id":"https:\/\/www.supravent.com\/ca\/#website"},"datePublished":"2021-04-21T06:42:48+00:00","dateModified":"2024-10-24T09:27:56+00:00","breadcrumb":{"@id":"https:\/\/www.supravent.com\/ca\/avis-legal\/#breadcrumb"},"inLanguage":"ca","potentialAction":[{"@type":"ReadAction","target":["https:\/\/www.supravent.com\/ca\/avis-legal\/"]}]},{"@type":"BreadcrumbList","@id":"https:\/\/www.supravent.com\/ca\/avis-legal\/#breadcrumb","itemListElement":[{"@type":"ListItem","position":1,"name":"Supravent","item":"https:\/\/www.supravent.com\/ca\/home\/"},{"@type":"ListItem","position":2,"name":"Av\u00eds Legal"}]},{"@type":"WebSite","@id":"https:\/\/www.supravent.com\/ca\/#website","url":"https:\/\/www.supravent.com\/ca\/","name":"SUPRAVENT","description":"Soluciones de ventilaci\u00f3n","publisher":{"@id":"https:\/\/www.supravent.com\/ca\/#organization"},"alternateName":"SUPRAVENT","potentialAction":[{"@type":"SearchAction","target":{"@type":"EntryPoint","urlTemplate":"https:\/\/www.supravent.com\/ca\/?s={search_term_string}"},"query-input":{"@type":"PropertyValueSpecification","valueRequired":true,"valueName":"search_term_string"}}],"inLanguage":"ca"},{"@type":"Organization","@id":"https:\/\/www.supravent.com\/ca\/#organization","name":"SUPRAVENT","alternateName":"SUPRAVENT","url":"https:\/\/www.supravent.com\/ca\/","logo":{"@type":"ImageObject","inLanguage":"ca","@id":"https:\/\/www.supravent.com\/ca\/#\/schema\/logo\/image\/","url":"https:\/\/www.supravent.com\/wp-content\/uploads\/2023\/11\/mini-imagotip.svg","contentUrl":"https:\/\/www.supravent.com\/wp-content\/uploads\/2023\/11\/mini-imagotip.svg","width":16,"height":17,"caption":"SUPRAVENT"},"image":{"@id":"https:\/\/www.supravent.com\/ca\/#\/schema\/logo\/image\/"}}]}},"_links":{"self":[{"href":"https:\/\/www.supravent.com\/ca\/wp-json\/wp\/v2\/pages\/1564"}],"collection":[{"href":"https:\/\/www.supravent.com\/ca\/wp-json\/wp\/v2\/pages"}],"about":[{"href":"https:\/\/www.supravent.com\/ca\/wp-json\/wp\/v2\/types\/page"}],"author":[{"embeddable":true,"href":"https:\/\/www.supravent.com\/ca\/wp-json\/wp\/v2\/users\/1"}],"replies":[{"embeddable":true,"href":"https:\/\/www.supravent.com\/ca\/wp-json\/wp\/v2\/comments?post=1564"}],"version-history":[{"count":1,"href":"https:\/\/www.supravent.com\/ca\/wp-json\/wp\/v2\/pages\/1564\/revisions"}],"predecessor-version":[{"id":1565,"href":"https:\/\/www.supravent.com\/ca\/wp-json\/wp\/v2\/pages\/1564\/revisions\/1565"}],"wp:attachment":[{"href":"https:\/\/www.supravent.com\/ca\/wp-json\/wp\/v2\/media?parent=1564"}],"curies":[{"name":"wp","href":"https:\/\/api.w.org\/{rel}","templated":true}]}}