{"id":1577,"date":"2021-04-21T07:39:55","date_gmt":"2021-04-21T05:39:55","guid":{"rendered":"https:\/\/www.supravent.com\/politica-de-privacitat\/"},"modified":"2024-10-24T13:21:23","modified_gmt":"2024-10-24T11:21:23","slug":"politica-de-privacitat","status":"publish","type":"page","link":"https:\/\/www.supravent.com\/ca\/politica-de-privacitat\/","title":{"rendered":"Pol\u00edtica de privacitat"},"content":{"rendered":"\t\t<div data-elementor-type=\"wp-page\" data-elementor-id=\"1577\" class=\"elementor elementor-1577 elementor-3\" data-elementor-post-type=\"page\">\n\t\t\t\t<div class=\"elementor-element elementor-element-cf218c6 e-flex e-con-boxed e-con e-parent\" data-id=\"cf218c6\" data-element_type=\"container\" data-settings=\"{&quot;background_background&quot;:&quot;classic&quot;}\">\n\t\t\t\t\t<div class=\"e-con-inner\">\n\t\t\t\t<div class=\"elementor-element elementor-element-7289cb6 elementor-widget elementor-widget-heading\" data-id=\"7289cb6\" data-element_type=\"widget\" data-widget_type=\"heading.default\">\n\t\t\t\t<div class=\"elementor-widget-container\">\n\t\t\t<h2 class=\"elementor-heading-title elementor-size-default\">Pol\u00edtica de privacitat<\/h2>\t\t<\/div>\n\t\t\t\t<\/div>\n\t\t\t\t\t<\/div>\n\t\t\t\t<\/div>\n\t\t<div class=\"elementor-element elementor-element-6b8632e e-flex e-con-boxed e-con e-parent\" data-id=\"6b8632e\" data-element_type=\"container\">\n\t\t\t\t\t<div class=\"e-con-inner\">\n\t\t\t\t<div class=\"elementor-element elementor-element-f2bcd69 elementor-widget elementor-widget-text-editor\" data-id=\"f2bcd69\" data-element_type=\"widget\" data-widget_type=\"text-editor.default\">\n\t\t\t\t<div class=\"elementor-widget-container\">\n\t\t\t\t\t\t\t<p><strong>Reglament General de Protecci\u00f3 de Dades (RGDP) &#8211; Desembre de 2018.<\/strong><\/p>\n<p>L&#8217;informem que les dades personals dels nostres clients seran tractades en conformitat amb la legislaci\u00f3 vigent en mat\u00e8ria de protecci\u00f3 de dades personals, la privacitat dels usuaris i el secret i seguretat de les dades personals, de conformitat amb l&#8217;establert a la Llei Org\u00e0nica 3\/2018, de 5 de desembre, de Protecci\u00f3 de Dades Personals i garantia dels drets digitals (LOPD-GDD) i al Reglament (UE) 2016\/679 del Parlament Europeu i del Consell de 27 d&#8217;abril de 2016 relatiu a la protecci\u00f3 de les persones f\u00edsiques en all\u00f2 que respecta al tractament de les dades personals (RGPD).<\/p>\n<p>A fi de complir amb el mencionat Reglament, hem actualitzat la nostra Pol\u00edtica de Privacitat:<\/p>\n<p>Responsable: SUPRAVENT VENTILATION S.L. amb NIF B19917574<\/p>\n<p>Finalitat del tractament: tractem la informaci\u00f3 que ens facilita amb la fi de prestar-los el servei sol\u00b7licitat i enviar-los comunicacions relatives al contingut dels nostres productes i serveis.<\/p>\n<ul>\n<li>Proced\u00e8ncia i categoria de dades tractades: les dades personals que tractarem s\u00f3n les seves dades identificatives que vost\u00e8 ens faciliti a trav\u00e9s del formulari de registre que trobar\u00e0 al nostre lloc web.<\/li>\n<li>Temps de conservaci\u00f3: les dades proporcionades es conservaran mentres es mantingui la relaci\u00f3 comercial o durant els anys necessaris per complir amb les obligacions legals.<\/li>\n<li>Legitimaci\u00f3: tractem les seves dades nom\u00e9s si contem amb el seu consentiment expr\u00e9s i informat per fer-ho, i sempre conforme a les finalitats descrites.<\/li>\n<li>Destinataris: les dades que vost\u00e8 ens faciliti no es cediran a tercers a menys que existeixi una obligaci\u00f3 legal.<\/li>\n<\/ul>\n<p><br>Si b\u00e9, per portar a cap determinades funcions necess\u00e0ries per la prestaci\u00f3 del servei, les seves dades poden ser tractades per tercers que actuaran com a encarregats del tractament i que estaran obligats contractualment a complir amb les seves obligacions legals d&#8217;encarregat del tractament, a mantenir la confidencialitat i secret de la informaci\u00f3.<\/p>\n<p>Drets: vost\u00e8 \u00e9s titular dels seg\u00fcents drets sobre les seves dades de car\u00e0cter personal:<\/p>\n<ul>\n<li>Dret a sol\u00b7licitar l&#8217;acc\u00e9s a les dades personals.<\/li>\n<li>Dret a sol\u00b7licitar la seva rectificaci\u00f3 o eliminaci\u00f3.<\/li>\n<li>Dret a sol\u00b7licitar la limitaci\u00f3 o oposici\u00f3 del seu tractament.<\/li>\n<li>Revocaci\u00f3 del consentiment prestat.<\/li>\n<li>Dret a la portabilitat de les seves dades<\/li>\n<\/ul>\n<p><br>Per l&#8217;exercici dels seus drets haur\u00e0 de dirigir-nos una comunicaci\u00f3 escrita a trav\u00e9s de correu electr\u00f2nic a la direcci\u00f3 <a href=\"mailto:supravent@supravent.com\" target=\"_blank\" rel=\"noopener\">supravent@supravent.com<\/a> especificant el dret que desitja exercitar. <\/p>\n<p>Aix\u00ed mateix, l&#8217;informem que vost\u00e8 pot sol\u00b7licitar la tutela dels seus drets davant l&#8217;Agencia Espa\u00f1ola de Protecci\u00f3n de Datos amb seu al carrer Jorge Juan, 6, 28001 Madrid. <\/p>\t\t\t\t\t\t<\/div>\n\t\t\t\t<\/div>\n\t\t\t\t\t<\/div>\n\t\t\t\t<\/div>\n\t\t\t\t<\/div>\n\t\t","protected":false},"excerpt":{"rendered":"<p>Pol\u00edtica de privacitat Reglament General de Protecci\u00f3 de Dades (RGDP) &#8211; Desembre de 2018. L&#8217;informem que les dades personals dels nostres clients seran tractades en conformitat amb la legislaci\u00f3 vigent en mat\u00e8ria de protecci\u00f3 de dades personals, la privacitat dels usuaris i el secret i seguretat de les dades personals, de conformitat amb l&#8217;establert a&hellip;&nbsp;<a href=\"https:\/\/www.supravent.com\/ca\/politica-de-privacitat\/\" class=\"\" rel=\"bookmark\">Llegiu m\u00e9s &raquo;<span class=\"screen-reader-text\">Pol\u00edtica de privacitat<\/span><\/a><\/p>\n","protected":false},"author":1,"featured_media":0,"parent":0,"menu_order":0,"comment_status":"closed","ping_status":"closed","template":"elementor_header_footer","meta":{"_acf_changed":false,"neve_meta_sidebar":"","neve_meta_container":"","neve_meta_enable_content_width":"off","neve_meta_content_width":100,"neve_meta_title_alignment":"","neve_meta_author_avatar":"","neve_post_elements_order":"","neve_meta_disable_header":"","neve_meta_disable_footer":"","neve_meta_disable_title":"","footnotes":""},"class_list":["post-1577","page","type-page","status-publish","hentry"],"acf":[],"yoast_head":"<!-- This site is optimized with the Yoast SEO plugin v24.1 - https:\/\/yoast.com\/wordpress\/plugins\/seo\/ -->\n<title>Pol\u00edtica de privacitat | SUPRAVENT<\/title>\n<meta name=\"robots\" content=\"noindex, follow\" \/>\n<meta property=\"og:locale\" content=\"ca_ES\" \/>\n<meta property=\"og:type\" content=\"article\" \/>\n<meta property=\"og:title\" content=\"Pol\u00edtica de privacitat | SUPRAVENT\" \/>\n<meta property=\"og:description\" content=\"Pol\u00edtica de privacitat Reglament General de Protecci\u00f3 de Dades (RGDP) &#8211; Desembre de 2018. L&#8217;informem que les dades personals dels nostres clients seran tractades en conformitat amb la legislaci\u00f3 vigent en mat\u00e8ria de protecci\u00f3 de dades personals, la privacitat dels usuaris i el secret i seguretat de les dades personals, de conformitat amb l&#8217;establert a&hellip;&nbsp;Llegiu m\u00e9s &raquo;Pol\u00edtica de privacitat\" \/>\n<meta property=\"og:url\" content=\"https:\/\/www.supravent.com\/ca\/politica-de-privacitat\/\" \/>\n<meta property=\"og:site_name\" content=\"SUPRAVENT\" \/>\n<meta property=\"article:modified_time\" content=\"2024-10-24T11:21:23+00:00\" \/>\n<meta property=\"og:image\" content=\"https:\/\/www.supravent.com\/wp-content\/uploads\/2024\/10\/Supravent.jpg\" \/>\n\t<meta property=\"og:image:width\" content=\"1280\" \/>\n\t<meta property=\"og:image:height\" content=\"720\" \/>\n\t<meta property=\"og:image:type\" content=\"image\/jpeg\" \/>\n<meta name=\"twitter:card\" content=\"summary_large_image\" \/>\n<meta name=\"twitter:label1\" content=\"Temps estimat de lectura\" \/>\n\t<meta name=\"twitter:data1\" content=\"2 minuts\" \/>\n<script type=\"application\/ld+json\" class=\"yoast-schema-graph\">{\"@context\":\"https:\/\/schema.org\",\"@graph\":[{\"@type\":\"WebPage\",\"@id\":\"https:\/\/www.supravent.com\/ca\/politica-de-privacitat\/\",\"url\":\"https:\/\/www.supravent.com\/ca\/politica-de-privacitat\/\",\"name\":\"Pol\u00edtica de privacitat | SUPRAVENT\",\"isPartOf\":{\"@id\":\"https:\/\/www.supravent.com\/ca\/#website\"},\"datePublished\":\"2021-04-21T05:39:55+00:00\",\"dateModified\":\"2024-10-24T11:21:23+00:00\",\"breadcrumb\":{\"@id\":\"https:\/\/www.supravent.com\/ca\/politica-de-privacitat\/#breadcrumb\"},\"inLanguage\":\"ca\",\"potentialAction\":[{\"@type\":\"ReadAction\",\"target\":[\"https:\/\/www.supravent.com\/ca\/politica-de-privacitat\/\"]}]},{\"@type\":\"BreadcrumbList\",\"@id\":\"https:\/\/www.supravent.com\/ca\/politica-de-privacitat\/#breadcrumb\",\"itemListElement\":[{\"@type\":\"ListItem\",\"position\":1,\"name\":\"Supravent\",\"item\":\"https:\/\/www.supravent.com\/ca\/home\/\"},{\"@type\":\"ListItem\",\"position\":2,\"name\":\"Pol\u00edtica de privacitat\"}]},{\"@type\":\"WebSite\",\"@id\":\"https:\/\/www.supravent.com\/ca\/#website\",\"url\":\"https:\/\/www.supravent.com\/ca\/\",\"name\":\"SUPRAVENT\",\"description\":\"Soluciones de ventilaci\u00f3n\",\"publisher\":{\"@id\":\"https:\/\/www.supravent.com\/ca\/#organization\"},\"alternateName\":\"SUPRAVENT\",\"potentialAction\":[{\"@type\":\"SearchAction\",\"target\":{\"@type\":\"EntryPoint\",\"urlTemplate\":\"https:\/\/www.supravent.com\/ca\/?s={search_term_string}\"},\"query-input\":{\"@type\":\"PropertyValueSpecification\",\"valueRequired\":true,\"valueName\":\"search_term_string\"}}],\"inLanguage\":\"ca\"},{\"@type\":\"Organization\",\"@id\":\"https:\/\/www.supravent.com\/ca\/#organization\",\"name\":\"SUPRAVENT\",\"alternateName\":\"SUPRAVENT\",\"url\":\"https:\/\/www.supravent.com\/ca\/\",\"logo\":{\"@type\":\"ImageObject\",\"inLanguage\":\"ca\",\"@id\":\"https:\/\/www.supravent.com\/ca\/#\/schema\/logo\/image\/\",\"url\":\"https:\/\/www.supravent.com\/wp-content\/uploads\/2023\/11\/mini-imagotip.svg\",\"contentUrl\":\"https:\/\/www.supravent.com\/wp-content\/uploads\/2023\/11\/mini-imagotip.svg\",\"width\":16,\"height\":17,\"caption\":\"SUPRAVENT\"},\"image\":{\"@id\":\"https:\/\/www.supravent.com\/ca\/#\/schema\/logo\/image\/\"}}]}<\/script>\n<!-- \/ Yoast SEO plugin. -->","yoast_head_json":{"title":"Pol\u00edtica de privacitat | SUPRAVENT","robots":{"index":"noindex","follow":"follow"},"og_locale":"ca_ES","og_type":"article","og_title":"Pol\u00edtica de privacitat | SUPRAVENT","og_description":"Pol\u00edtica de privacitat Reglament General de Protecci\u00f3 de Dades (RGDP) &#8211; Desembre de 2018. L&#8217;informem que les dades personals dels nostres clients seran tractades en conformitat amb la legislaci\u00f3 vigent en mat\u00e8ria de protecci\u00f3 de dades personals, la privacitat dels usuaris i el secret i seguretat de les dades personals, de conformitat amb l&#8217;establert a&hellip;&nbsp;Llegiu m\u00e9s &raquo;Pol\u00edtica de privacitat","og_url":"https:\/\/www.supravent.com\/ca\/politica-de-privacitat\/","og_site_name":"SUPRAVENT","article_modified_time":"2024-10-24T11:21:23+00:00","og_image":[{"width":1280,"height":720,"url":"https:\/\/www.supravent.com\/wp-content\/uploads\/2024\/10\/Supravent.jpg","type":"image\/jpeg"}],"twitter_card":"summary_large_image","twitter_misc":{"Temps estimat de lectura":"2 minuts"},"schema":{"@context":"https:\/\/schema.org","@graph":[{"@type":"WebPage","@id":"https:\/\/www.supravent.com\/ca\/politica-de-privacitat\/","url":"https:\/\/www.supravent.com\/ca\/politica-de-privacitat\/","name":"Pol\u00edtica de privacitat | SUPRAVENT","isPartOf":{"@id":"https:\/\/www.supravent.com\/ca\/#website"},"datePublished":"2021-04-21T05:39:55+00:00","dateModified":"2024-10-24T11:21:23+00:00","breadcrumb":{"@id":"https:\/\/www.supravent.com\/ca\/politica-de-privacitat\/#breadcrumb"},"inLanguage":"ca","potentialAction":[{"@type":"ReadAction","target":["https:\/\/www.supravent.com\/ca\/politica-de-privacitat\/"]}]},{"@type":"BreadcrumbList","@id":"https:\/\/www.supravent.com\/ca\/politica-de-privacitat\/#breadcrumb","itemListElement":[{"@type":"ListItem","position":1,"name":"Supravent","item":"https:\/\/www.supravent.com\/ca\/home\/"},{"@type":"ListItem","position":2,"name":"Pol\u00edtica de privacitat"}]},{"@type":"WebSite","@id":"https:\/\/www.supravent.com\/ca\/#website","url":"https:\/\/www.supravent.com\/ca\/","name":"SUPRAVENT","description":"Soluciones de ventilaci\u00f3n","publisher":{"@id":"https:\/\/www.supravent.com\/ca\/#organization"},"alternateName":"SUPRAVENT","potentialAction":[{"@type":"SearchAction","target":{"@type":"EntryPoint","urlTemplate":"https:\/\/www.supravent.com\/ca\/?s={search_term_string}"},"query-input":{"@type":"PropertyValueSpecification","valueRequired":true,"valueName":"search_term_string"}}],"inLanguage":"ca"},{"@type":"Organization","@id":"https:\/\/www.supravent.com\/ca\/#organization","name":"SUPRAVENT","alternateName":"SUPRAVENT","url":"https:\/\/www.supravent.com\/ca\/","logo":{"@type":"ImageObject","inLanguage":"ca","@id":"https:\/\/www.supravent.com\/ca\/#\/schema\/logo\/image\/","url":"https:\/\/www.supravent.com\/wp-content\/uploads\/2023\/11\/mini-imagotip.svg","contentUrl":"https:\/\/www.supravent.com\/wp-content\/uploads\/2023\/11\/mini-imagotip.svg","width":16,"height":17,"caption":"SUPRAVENT"},"image":{"@id":"https:\/\/www.supravent.com\/ca\/#\/schema\/logo\/image\/"}}]}},"_links":{"self":[{"href":"https:\/\/www.supravent.com\/ca\/wp-json\/wp\/v2\/pages\/1577"}],"collection":[{"href":"https:\/\/www.supravent.com\/ca\/wp-json\/wp\/v2\/pages"}],"about":[{"href":"https:\/\/www.supravent.com\/ca\/wp-json\/wp\/v2\/types\/page"}],"author":[{"embeddable":true,"href":"https:\/\/www.supravent.com\/ca\/wp-json\/wp\/v2\/users\/1"}],"replies":[{"embeddable":true,"href":"https:\/\/www.supravent.com\/ca\/wp-json\/wp\/v2\/comments?post=1577"}],"version-history":[{"count":1,"href":"https:\/\/www.supravent.com\/ca\/wp-json\/wp\/v2\/pages\/1577\/revisions"}],"predecessor-version":[{"id":1578,"href":"https:\/\/www.supravent.com\/ca\/wp-json\/wp\/v2\/pages\/1577\/revisions\/1578"}],"wp:attachment":[{"href":"https:\/\/www.supravent.com\/ca\/wp-json\/wp\/v2\/media?parent=1577"}],"curies":[{"name":"wp","href":"https:\/\/api.w.org\/{rel}","templated":true}]}}