{"id":1303,"date":"2021-04-21T07:39:55","date_gmt":"2021-04-21T05:39:55","guid":{"rendered":"https:\/\/www.supravent.com\/politique-de-confidentialite\/"},"modified":"2024-10-08T16:01:22","modified_gmt":"2024-10-08T14:01:22","slug":"politique-de-confidentialite","status":"publish","type":"page","link":"https:\/\/www.supravent.com\/fr\/politique-de-confidentialite\/","title":{"rendered":"Politique de confidentialit\u00e9"},"content":{"rendered":"\t\t<div data-elementor-type=\"wp-page\" data-elementor-id=\"1303\" class=\"elementor elementor-1303 elementor-3\" data-elementor-post-type=\"page\">\n\t\t\t\t<div class=\"elementor-element elementor-element-cf218c6 e-flex e-con-boxed e-con e-parent\" data-id=\"cf218c6\" data-element_type=\"container\" data-settings=\"{&quot;background_background&quot;:&quot;classic&quot;}\">\n\t\t\t\t\t<div class=\"e-con-inner\">\n\t\t\t\t<div class=\"elementor-element elementor-element-7289cb6 elementor-widget elementor-widget-heading\" data-id=\"7289cb6\" data-element_type=\"widget\" data-widget_type=\"heading.default\">\n\t\t\t\t<div class=\"elementor-widget-container\">\n\t\t\t<h2 class=\"elementor-heading-title elementor-size-default\">Politique de confidentialit\u00e9<\/h2>\t\t<\/div>\n\t\t\t\t<\/div>\n\t\t\t\t\t<\/div>\n\t\t\t\t<\/div>\n\t\t<div class=\"elementor-element elementor-element-6b8632e e-flex e-con-boxed e-con e-parent\" data-id=\"6b8632e\" data-element_type=\"container\">\n\t\t\t\t\t<div class=\"e-con-inner\">\n\t\t\t\t<div class=\"elementor-element elementor-element-f2bcd69 elementor-widget elementor-widget-text-editor\" data-id=\"f2bcd69\" data-element_type=\"widget\" data-widget_type=\"text-editor.default\">\n\t\t\t\t<div class=\"elementor-widget-container\">\n\t\t\t\t\t\t\t<p><\/strong>R\u00e8glement g\u00e9n\u00e9ral sur la protection des donn\u00e9es (RGDP) &#8211; D\u00e9cembre 2018<\/strong><\/p>\n<p>Nous vous informons que les donn\u00e9es personnelles de nos clients seront trait\u00e9es conform\u00e9ment \u00e0 la l\u00e9gislation en vigueur sur la protection des donn\u00e9es personnelles, la confidentialit\u00e9 des utilisateurs et le secret et la s\u00e9curit\u00e9 des donn\u00e9es personnelles, conform\u00e9ment aux dispositions de la Loi organique 3\/2018, du 5 d\u00e9cembre, sur la protection des donn\u00e9es personnelles et la garantie des droits num\u00e9riques (LOPD-GDD) et du R\u00e8glement (UE) 2016\/679 du Parlement europ\u00e9en et du Conseil, du 27 avril 2016, sur la protection des personnes physiques \u00e0 l\u2019\u00e9gard du traitement des donn\u00e9es personnelles (RGPD).<\/p>\n<\/p>Afin de nous conformer au R\u00e8glement susmentionn\u00e9, nous avons mis \u00e0 jour notre politique de confidentialit\u00e9 :<\/p>\n<\/p>Responsable : SUPRAVENT VENTILATION S.L. au NIF B19917574<p>\n<p>Finalit\u00e9 du traitement : nous traitons les informations que vous nous communiquez afin de vous fournir le service demand\u00e9 et vous envoyer des communications relatives au contenu de nos produits et services.<\/p>\n<\/ul>\n<li>Origine et cat\u00e9gorie des donn\u00e9es trait\u00e9es : les donn\u00e9es personnelles que nous traitons sont vos donn\u00e9es d\u2019identification que vous nous avez fournies par le biais du formulaire d\u2019inscription que vous trouverez sur notre site web.<li>\n<li>P\u00e9riode de conservation : les donn\u00e9es fournies seront conserv\u00e9es aussi longtemps que la relation commerciale est maintenue ou durant les ann\u00e9es n\u00e9cessaires \u00e0 l\u2019accomplissement des obligations l\u00e9gales.<\/li>\n<\/li>Int\u00e9r\u00eat l\u00e9gitime : nous ne traitons vos donn\u00e9es que si nous avons obtenu votre consentement expr\u00e8s et inform\u00e9 pour le faire, et toujours conform\u00e9ment aux finalit\u00e9s d\u00e9crites.<\/li>\n<li>Destinataires : les donn\u00e9es que vous nous fournissez ne seront pas c\u00e9d\u00e9es \u00e0 des tiers sauf en cas d\u2019obligation l\u00e9gale.<\/li>\n<ul>\n<p><br \/>Toutefois, afin d&rsquo;ex\u00e9cuter certaines fonctions n\u00e9cessaires \u00e0 la fourniture du service, vos donn\u00e9es peuvent \u00eatre trait\u00e9es par des tiers qui agiront en tant que responsables du traitement et qui seront contractuellement tenus de se conformer \u00e0 leurs obligations l\u00e9gales en tant que responsables du traitement et de maintenir la confidentialit\u00e9 et le secret des informations.<\/p>\n<\/p>Droits : vous disposez des droits suivants sur vos donn\u00e9es \u00e0 caract\u00e8re personnel :<p>\n<ul>\n<\/li>Droit de demander l\u2019acc\u00e8s aux donn\u00e9es personnelles.<\/li>\n<\/li>Droit de demander leur rectification ou suppression.<\/li>\n<li>Droit de demander la limitation ou l\u2019opposition \u00e0 leur traitement.<\/li>\n<\/li>R\u00e9vocation du consentement pr\u00eat\u00e9.<\/li>\n<li>Droit \u00e0 la portabilit\u00e9 de vos donn\u00e9es<\/li>\n<\/ul>\n<p><br \/>Pour l\u2019exercice de vos droits, vous devrez adresser une demande \u00e9crite par courrier \u00e9lectronique \u00e0 l\u2019adresse <a href=\"mailto:supravent@supravent.com\" target=\"_blank\" rel=\"noopener\"> supravent@supravent.com<\/a> en pr\u00e9cisant le droit que vous souhaitez exercer.\u00a0<\/p>\n<p>De m\u00eame, nous vous informons que vous pouvez d\u00e9poser une r\u00e9clamation aupr\u00e8s de l\u2019Agence espagnole \u00e0 la protection des donn\u00e9es dont le si\u00e8ge se trouve Calle de Jorge Juan, 6, 28001 Madrid.\u00a0<\/p>\n\t\t\t\t\t\t<\/div>\n\t\t\t\t<\/div>\n\t\t\t\t\t<\/div>\n\t\t\t\t<\/div>\n\t\t\t\t<\/div>\n\t\t","protected":false},"excerpt":{"rendered":"<p>Politique de confidentialit\u00e9 R\u00e8glement g\u00e9n\u00e9ral sur la protection des donn\u00e9es (RGDP) &#8211; D\u00e9cembre 2018 Nous vous informons que les donn\u00e9es personnelles de nos clients seront trait\u00e9es conform\u00e9ment \u00e0 la l\u00e9gislation en vigueur sur la protection des donn\u00e9es personnelles, la confidentialit\u00e9 des utilisateurs et le secret et la s\u00e9curit\u00e9 des donn\u00e9es personnelles, conform\u00e9ment aux dispositions de&hellip;&nbsp;<a href=\"https:\/\/www.supravent.com\/fr\/politique-de-confidentialite\/\" class=\"\" rel=\"bookmark\">Lire la suite &raquo;<span class=\"screen-reader-text\">Politique de confidentialit\u00e9<\/span><\/a><\/p>\n","protected":false},"author":1,"featured_media":0,"parent":0,"menu_order":0,"comment_status":"closed","ping_status":"closed","template":"elementor_header_footer","meta":{"_acf_changed":false,"neve_meta_sidebar":"","neve_meta_container":"","neve_meta_enable_content_width":"off","neve_meta_content_width":100,"neve_meta_title_alignment":"","neve_meta_author_avatar":"","neve_post_elements_order":"","neve_meta_disable_header":"","neve_meta_disable_footer":"","neve_meta_disable_title":"","footnotes":""},"class_list":["post-1303","page","type-page","status-publish","hentry"],"acf":[],"yoast_head":"<!-- This site is optimized with the Yoast SEO plugin v24.1 - https:\/\/yoast.com\/wordpress\/plugins\/seo\/ -->\n<title>Politique de confidentialit\u00e9 | SUPRAVENT<\/title>\n<meta name=\"robots\" content=\"noindex, follow\" \/>\n<meta property=\"og:locale\" content=\"fr_FR\" \/>\n<meta property=\"og:type\" content=\"article\" \/>\n<meta property=\"og:title\" content=\"Politique de confidentialit\u00e9 | SUPRAVENT\" \/>\n<meta property=\"og:description\" content=\"Politique de confidentialit\u00e9 R\u00e8glement g\u00e9n\u00e9ral sur la protection des donn\u00e9es (RGDP) &#8211; D\u00e9cembre 2018 Nous vous informons que les donn\u00e9es personnelles de nos clients seront trait\u00e9es conform\u00e9ment \u00e0 la l\u00e9gislation en vigueur sur la protection des donn\u00e9es personnelles, la confidentialit\u00e9 des utilisateurs et le secret et la s\u00e9curit\u00e9 des donn\u00e9es personnelles, conform\u00e9ment aux dispositions de&hellip;&nbsp;Lire la suite &raquo;Politique de confidentialit\u00e9\" \/>\n<meta property=\"og:url\" content=\"https:\/\/www.supravent.com\/fr\/politique-de-confidentialite\/\" \/>\n<meta property=\"og:site_name\" content=\"SUPRAVENT\" \/>\n<meta property=\"article:modified_time\" content=\"2024-10-08T14:01:22+00:00\" \/>\n<meta property=\"og:image\" content=\"https:\/\/www.supravent.com\/wp-content\/uploads\/2024\/10\/Supravent.jpg\" \/>\n\t<meta property=\"og:image:width\" content=\"1280\" \/>\n\t<meta property=\"og:image:height\" content=\"720\" \/>\n\t<meta property=\"og:image:type\" content=\"image\/jpeg\" \/>\n<meta name=\"twitter:card\" content=\"summary_large_image\" \/>\n<meta name=\"twitter:label1\" content=\"Dur\u00e9e de lecture estim\u00e9e\" \/>\n\t<meta name=\"twitter:data1\" content=\"2 minutes\" \/>\n<script type=\"application\/ld+json\" class=\"yoast-schema-graph\">{\"@context\":\"https:\/\/schema.org\",\"@graph\":[{\"@type\":\"WebPage\",\"@id\":\"https:\/\/www.supravent.com\/fr\/politique-de-confidentialite\/\",\"url\":\"https:\/\/www.supravent.com\/fr\/politique-de-confidentialite\/\",\"name\":\"Politique de confidentialit\u00e9 | SUPRAVENT\",\"isPartOf\":{\"@id\":\"https:\/\/www.supravent.com\/fr\/#website\"},\"datePublished\":\"2021-04-21T05:39:55+00:00\",\"dateModified\":\"2024-10-08T14:01:22+00:00\",\"breadcrumb\":{\"@id\":\"https:\/\/www.supravent.com\/fr\/politique-de-confidentialite\/#breadcrumb\"},\"inLanguage\":\"fr-FR\",\"potentialAction\":[{\"@type\":\"ReadAction\",\"target\":[\"https:\/\/www.supravent.com\/fr\/politique-de-confidentialite\/\"]}]},{\"@type\":\"BreadcrumbList\",\"@id\":\"https:\/\/www.supravent.com\/fr\/politique-de-confidentialite\/#breadcrumb\",\"itemListElement\":[{\"@type\":\"ListItem\",\"position\":1,\"name\":\"Supravent\",\"item\":\"https:\/\/www.supravent.com\/fr\/\"},{\"@type\":\"ListItem\",\"position\":2,\"name\":\"Politique de confidentialit\u00e9\"}]},{\"@type\":\"WebSite\",\"@id\":\"https:\/\/www.supravent.com\/fr\/#website\",\"url\":\"https:\/\/www.supravent.com\/fr\/\",\"name\":\"SUPRAVENT\",\"description\":\"Soluciones de ventilaci\u00f3n\",\"publisher\":{\"@id\":\"https:\/\/www.supravent.com\/fr\/#organization\"},\"alternateName\":\"SUPRAVENT\",\"potentialAction\":[{\"@type\":\"SearchAction\",\"target\":{\"@type\":\"EntryPoint\",\"urlTemplate\":\"https:\/\/www.supravent.com\/fr\/?s={search_term_string}\"},\"query-input\":{\"@type\":\"PropertyValueSpecification\",\"valueRequired\":true,\"valueName\":\"search_term_string\"}}],\"inLanguage\":\"fr-FR\"},{\"@type\":\"Organization\",\"@id\":\"https:\/\/www.supravent.com\/fr\/#organization\",\"name\":\"SUPRAVENT\",\"alternateName\":\"SUPRAVENT\",\"url\":\"https:\/\/www.supravent.com\/fr\/\",\"logo\":{\"@type\":\"ImageObject\",\"inLanguage\":\"fr-FR\",\"@id\":\"https:\/\/www.supravent.com\/fr\/#\/schema\/logo\/image\/\",\"url\":\"https:\/\/www.supravent.com\/wp-content\/uploads\/2023\/11\/mini-imagotip.svg\",\"contentUrl\":\"https:\/\/www.supravent.com\/wp-content\/uploads\/2023\/11\/mini-imagotip.svg\",\"width\":16,\"height\":17,\"caption\":\"SUPRAVENT\"},\"image\":{\"@id\":\"https:\/\/www.supravent.com\/fr\/#\/schema\/logo\/image\/\"}}]}<\/script>\n<!-- \/ Yoast SEO plugin. -->","yoast_head_json":{"title":"Politique de confidentialit\u00e9 | SUPRAVENT","robots":{"index":"noindex","follow":"follow"},"og_locale":"fr_FR","og_type":"article","og_title":"Politique de confidentialit\u00e9 | SUPRAVENT","og_description":"Politique de confidentialit\u00e9 R\u00e8glement g\u00e9n\u00e9ral sur la protection des donn\u00e9es (RGDP) &#8211; D\u00e9cembre 2018 Nous vous informons que les donn\u00e9es personnelles de nos clients seront trait\u00e9es conform\u00e9ment \u00e0 la l\u00e9gislation en vigueur sur la protection des donn\u00e9es personnelles, la confidentialit\u00e9 des utilisateurs et le secret et la s\u00e9curit\u00e9 des donn\u00e9es personnelles, conform\u00e9ment aux dispositions de&hellip;&nbsp;Lire la suite &raquo;Politique de confidentialit\u00e9","og_url":"https:\/\/www.supravent.com\/fr\/politique-de-confidentialite\/","og_site_name":"SUPRAVENT","article_modified_time":"2024-10-08T14:01:22+00:00","og_image":[{"width":1280,"height":720,"url":"https:\/\/www.supravent.com\/wp-content\/uploads\/2024\/10\/Supravent.jpg","type":"image\/jpeg"}],"twitter_card":"summary_large_image","twitter_misc":{"Dur\u00e9e de lecture estim\u00e9e":"2 minutes"},"schema":{"@context":"https:\/\/schema.org","@graph":[{"@type":"WebPage","@id":"https:\/\/www.supravent.com\/fr\/politique-de-confidentialite\/","url":"https:\/\/www.supravent.com\/fr\/politique-de-confidentialite\/","name":"Politique de confidentialit\u00e9 | SUPRAVENT","isPartOf":{"@id":"https:\/\/www.supravent.com\/fr\/#website"},"datePublished":"2021-04-21T05:39:55+00:00","dateModified":"2024-10-08T14:01:22+00:00","breadcrumb":{"@id":"https:\/\/www.supravent.com\/fr\/politique-de-confidentialite\/#breadcrumb"},"inLanguage":"fr-FR","potentialAction":[{"@type":"ReadAction","target":["https:\/\/www.supravent.com\/fr\/politique-de-confidentialite\/"]}]},{"@type":"BreadcrumbList","@id":"https:\/\/www.supravent.com\/fr\/politique-de-confidentialite\/#breadcrumb","itemListElement":[{"@type":"ListItem","position":1,"name":"Supravent","item":"https:\/\/www.supravent.com\/fr\/"},{"@type":"ListItem","position":2,"name":"Politique de confidentialit\u00e9"}]},{"@type":"WebSite","@id":"https:\/\/www.supravent.com\/fr\/#website","url":"https:\/\/www.supravent.com\/fr\/","name":"SUPRAVENT","description":"Soluciones de ventilaci\u00f3n","publisher":{"@id":"https:\/\/www.supravent.com\/fr\/#organization"},"alternateName":"SUPRAVENT","potentialAction":[{"@type":"SearchAction","target":{"@type":"EntryPoint","urlTemplate":"https:\/\/www.supravent.com\/fr\/?s={search_term_string}"},"query-input":{"@type":"PropertyValueSpecification","valueRequired":true,"valueName":"search_term_string"}}],"inLanguage":"fr-FR"},{"@type":"Organization","@id":"https:\/\/www.supravent.com\/fr\/#organization","name":"SUPRAVENT","alternateName":"SUPRAVENT","url":"https:\/\/www.supravent.com\/fr\/","logo":{"@type":"ImageObject","inLanguage":"fr-FR","@id":"https:\/\/www.supravent.com\/fr\/#\/schema\/logo\/image\/","url":"https:\/\/www.supravent.com\/wp-content\/uploads\/2023\/11\/mini-imagotip.svg","contentUrl":"https:\/\/www.supravent.com\/wp-content\/uploads\/2023\/11\/mini-imagotip.svg","width":16,"height":17,"caption":"SUPRAVENT"},"image":{"@id":"https:\/\/www.supravent.com\/fr\/#\/schema\/logo\/image\/"}}]}},"_links":{"self":[{"href":"https:\/\/www.supravent.com\/fr\/wp-json\/wp\/v2\/pages\/1303"}],"collection":[{"href":"https:\/\/www.supravent.com\/fr\/wp-json\/wp\/v2\/pages"}],"about":[{"href":"https:\/\/www.supravent.com\/fr\/wp-json\/wp\/v2\/types\/page"}],"author":[{"embeddable":true,"href":"https:\/\/www.supravent.com\/fr\/wp-json\/wp\/v2\/users\/1"}],"replies":[{"embeddable":true,"href":"https:\/\/www.supravent.com\/fr\/wp-json\/wp\/v2\/comments?post=1303"}],"version-history":[{"count":1,"href":"https:\/\/www.supravent.com\/fr\/wp-json\/wp\/v2\/pages\/1303\/revisions"}],"predecessor-version":[{"id":1304,"href":"https:\/\/www.supravent.com\/fr\/wp-json\/wp\/v2\/pages\/1303\/revisions\/1304"}],"wp:attachment":[{"href":"https:\/\/www.supravent.com\/fr\/wp-json\/wp\/v2\/media?parent=1303"}],"curies":[{"name":"wp","href":"https:\/\/api.w.org\/{rel}","templated":true}]}}