{"id":1320,"date":"2021-04-21T08:42:48","date_gmt":"2021-04-21T06:42:48","guid":{"rendered":"https:\/\/www.supravent.com\/mention-legale\/"},"modified":"2024-10-08T16:01:57","modified_gmt":"2024-10-08T14:01:57","slug":"mention-legale","status":"publish","type":"page","link":"https:\/\/www.supravent.com\/fr\/mention-legale\/","title":{"rendered":"Mention l\u00e9gale"},"content":{"rendered":"\t\t<div data-elementor-type=\"wp-page\" data-elementor-id=\"1320\" class=\"elementor elementor-1320 elementor-56\" data-elementor-post-type=\"page\">\n\t\t\t\t<div class=\"elementor-element elementor-element-a99a764 e-flex e-con-boxed e-con e-parent\" data-id=\"a99a764\" data-element_type=\"container\" data-settings=\"{&quot;background_background&quot;:&quot;classic&quot;}\">\n\t\t\t\t\t<div class=\"e-con-inner\">\n\t\t\t\t<div class=\"elementor-element elementor-element-798026c elementor-widget elementor-widget-heading\" data-id=\"798026c\" data-element_type=\"widget\" data-widget_type=\"heading.default\">\n\t\t\t\t<div class=\"elementor-widget-container\">\n\t\t\t<h2 class=\"elementor-heading-title elementor-size-default\">Mention l\u00e9gale<\/h2>\t\t<\/div>\n\t\t\t\t<\/div>\n\t\t\t\t\t<\/div>\n\t\t\t\t<\/div>\n\t\t<div class=\"elementor-element elementor-element-92049ea e-flex e-con-boxed e-con e-parent\" data-id=\"92049ea\" data-element_type=\"container\">\n\t\t\t\t\t<div class=\"e-con-inner\">\n\t\t\t\t<div class=\"elementor-element elementor-element-6b46c6f elementor-widget elementor-widget-text-editor\" data-id=\"6b46c6f\" data-element_type=\"widget\" data-widget_type=\"text-editor.default\">\n\t\t\t\t<div class=\"elementor-widget-container\">\n\t\t\t\t\t\t\t<p>Le site web et le domaine <a href=\"https:\/\/supravent.com\/\" target=\"_blank\" rel=\"noopener\">https:\/\/supravent.com\/<\/a> appartiennent \u00e0 l\u2019entreprise SUPRAVENT VENTILATION S.L. (ci-apr\u00e8s Supravent), au CIF B19917574, domicili\u00e9e C\/Joan Rovira i Bastions, n\u00ba26, 17230 Palam\u00f3s (Girona), t\u00e9l. 972.601.942, a \/ e <a href=\"mailto:supravent@supravent.com\" target=\"_blank\" rel=\"noopener\">supravent@supravent.<wbr \/>com<\/a><\/p>\n<p>Elle est inscrite au registre du commerce de G\u00e9rone.<\/p>\n<p><strong>PROPRI\u00c9T\u00c9 INTELLECTUELLE ET INDUSTRIELLE<\/strong><\/p>\n<p>Les contenus de ce site, y compris les textes, les images et les conceptions graphiques appartiennent \u00e0 Supravent, ou \u00e0 des tiers qui ont express\u00e9ment autoris\u00e9 leur utilisation sur leur site web. Supravent pr\u00e9sente ces contenus \u00e0 des fins d\u2019information et de publicit\u00e9. Supravent autorise leur utilisation exclusivement \u00e0 des fins de publicit\u00e9 pour ses produits ou services. Toute utilisation de ces conceptions, images ou textes doit mentionner express\u00e9ment qu\u2019ils appartiennent \u00e0 Supravent, qui se r\u00e9serve le droit d\u2019engager les actions l\u00e9gales appropri\u00e9es pour r\u00e9parer les dommages caus\u00e9s par tout acte violant ses droits de propri\u00e9t\u00e9 intellectuelle ou industrielle. L\u2019utilisation des logos, dessins, marques ou autres signes distinctifs de Supravent ou des clients de Supravent n\u2019est pas autoris\u00e9e sans l\u2019autorisation expresse, pr\u00e9alable et \u00e9crite des titulaires respectifs des droits.<\/p>\n<p>La pr\u00e9sentation des contenus de ce site dans une fen\u00eatre ext\u00e9rieure \u00e0 <a href=\"https:\/\/supravent.com\/\">https:\/\/supravent.com\/<\/a>\u00a0(framing) n\u2019est pas autoris\u00e9e.<\/p>\n<p><strong>RESPONSABILIT\u00c9 DES CONTENUS<\/strong><\/p>\n<p>Bien que Supravent agisse avec la plus grande diligence, il se peut que certaines donn\u00e9es ou informations ne soient pas totalement \u00e0 jour au moment o\u00f9 l\u2019utilisateur du site web les consulte. C\u2019est pourquoi Supravent d\u00e9clare que les r\u00e9f\u00e9rences des produits et les prix pr\u00e9sent\u00e9s sur son site sont donn\u00e9s \u00e0 titre indicatif et n\u2019engagent Supravent qu\u2019apr\u00e8s confirmation expresse d\u2019une commande.<\/p>\n<p>Supravent n\u2019est pas responsable des informations qui peuvent \u00eatre obtenues par le biais de liens inclus sur le site. <\/p>\n<p><strong>CONDITIONS D\u2019UTILISATION<\/strong><\/p>\n<p>L&rsquo;utilisation de ce site web implique l&rsquo;acceptation totale des termes et conditions de cette mention l\u00e9gale. Tout litige \u00e9ventuel relatif \u00e0 ce site web sera r\u00e9gi exclusivement par les lois de l&rsquo;\u00c9tat espagnol. Tous les utilisateurs du site, quelle que soit la juridiction territoriale \u00e0 partir de laquelle ils y acc\u00e8dent, s&rsquo;engagent \u00e0 se conformer \u00e0 ces clauses et \u00e0 les respecter.<\/p>\n\t\t\t\t\t\t<\/div>\n\t\t\t\t<\/div>\n\t\t\t\t\t<\/div>\n\t\t\t\t<\/div>\n\t\t\t\t<\/div>\n\t\t","protected":false},"excerpt":{"rendered":"<p>Mention l\u00e9gale Le site web et le domaine https:\/\/supravent.com\/ appartiennent \u00e0 l\u2019entreprise SUPRAVENT VENTILATION S.L. (ci-apr\u00e8s Supravent), au CIF B19917574, domicili\u00e9e C\/Joan Rovira i Bastions, n\u00ba26, 17230 Palam\u00f3s (Girona), t\u00e9l. 972.601.942, a \/ e supravent@supravent.com Elle est inscrite au registre du commerce de G\u00e9rone. PROPRI\u00c9T\u00c9 INTELLECTUELLE ET INDUSTRIELLE Les contenus de ce site, y compris&hellip;&nbsp;<a href=\"https:\/\/www.supravent.com\/fr\/mention-legale\/\" class=\"\" rel=\"bookmark\">Lire la suite &raquo;<span class=\"screen-reader-text\">Mention l\u00e9gale<\/span><\/a><\/p>\n","protected":false},"author":1,"featured_media":0,"parent":0,"menu_order":0,"comment_status":"closed","ping_status":"closed","template":"elementor_header_footer","meta":{"_acf_changed":false,"neve_meta_sidebar":"","neve_meta_container":"","neve_meta_enable_content_width":"off","neve_meta_content_width":100,"neve_meta_title_alignment":"","neve_meta_author_avatar":"","neve_post_elements_order":"","neve_meta_disable_header":"","neve_meta_disable_footer":"","neve_meta_disable_title":"","footnotes":""},"class_list":["post-1320","page","type-page","status-publish","hentry"],"acf":[],"yoast_head":"<!-- This site is optimized with the Yoast SEO plugin v24.1 - https:\/\/yoast.com\/wordpress\/plugins\/seo\/ -->\n<title>Mention l\u00e9gale | SUPRAVENT<\/title>\n<meta name=\"robots\" content=\"noindex, follow\" \/>\n<meta property=\"og:locale\" content=\"fr_FR\" \/>\n<meta property=\"og:type\" content=\"article\" \/>\n<meta property=\"og:title\" content=\"Mention l\u00e9gale | SUPRAVENT\" \/>\n<meta property=\"og:description\" content=\"Mention l\u00e9gale Le site web et le domaine https:\/\/supravent.com\/ appartiennent \u00e0 l\u2019entreprise SUPRAVENT VENTILATION S.L. (ci-apr\u00e8s Supravent), au CIF B19917574, domicili\u00e9e C\/Joan Rovira i Bastions, n\u00ba26, 17230 Palam\u00f3s (Girona), t\u00e9l. 972.601.942, a \/ e supravent@supravent.com Elle est inscrite au registre du commerce de G\u00e9rone. PROPRI\u00c9T\u00c9 INTELLECTUELLE ET INDUSTRIELLE Les contenus de ce site, y compris&hellip;&nbsp;Lire la suite &raquo;Mention l\u00e9gale\" \/>\n<meta property=\"og:url\" content=\"https:\/\/www.supravent.com\/fr\/mention-legale\/\" \/>\n<meta property=\"og:site_name\" content=\"SUPRAVENT\" \/>\n<meta property=\"article:modified_time\" content=\"2024-10-08T14:01:57+00:00\" \/>\n<meta property=\"og:image\" content=\"https:\/\/www.supravent.com\/wp-content\/uploads\/2024\/10\/Supravent.jpg\" \/>\n\t<meta property=\"og:image:width\" content=\"1280\" \/>\n\t<meta property=\"og:image:height\" content=\"720\" \/>\n\t<meta property=\"og:image:type\" content=\"image\/jpeg\" \/>\n<meta name=\"twitter:card\" content=\"summary_large_image\" \/>\n<meta name=\"twitter:label1\" content=\"Dur\u00e9e de lecture estim\u00e9e\" \/>\n\t<meta name=\"twitter:data1\" content=\"2 minutes\" \/>\n<script type=\"application\/ld+json\" class=\"yoast-schema-graph\">{\"@context\":\"https:\/\/schema.org\",\"@graph\":[{\"@type\":\"WebPage\",\"@id\":\"https:\/\/www.supravent.com\/fr\/mention-legale\/\",\"url\":\"https:\/\/www.supravent.com\/fr\/mention-legale\/\",\"name\":\"Mention l\u00e9gale | SUPRAVENT\",\"isPartOf\":{\"@id\":\"https:\/\/www.supravent.com\/fr\/#website\"},\"datePublished\":\"2021-04-21T06:42:48+00:00\",\"dateModified\":\"2024-10-08T14:01:57+00:00\",\"breadcrumb\":{\"@id\":\"https:\/\/www.supravent.com\/fr\/mention-legale\/#breadcrumb\"},\"inLanguage\":\"fr-FR\",\"potentialAction\":[{\"@type\":\"ReadAction\",\"target\":[\"https:\/\/www.supravent.com\/fr\/mention-legale\/\"]}]},{\"@type\":\"BreadcrumbList\",\"@id\":\"https:\/\/www.supravent.com\/fr\/mention-legale\/#breadcrumb\",\"itemListElement\":[{\"@type\":\"ListItem\",\"position\":1,\"name\":\"Supravent\",\"item\":\"https:\/\/www.supravent.com\/fr\/\"},{\"@type\":\"ListItem\",\"position\":2,\"name\":\"Mention l\u00e9gale\"}]},{\"@type\":\"WebSite\",\"@id\":\"https:\/\/www.supravent.com\/fr\/#website\",\"url\":\"https:\/\/www.supravent.com\/fr\/\",\"name\":\"SUPRAVENT\",\"description\":\"Soluciones de ventilaci\u00f3n\",\"publisher\":{\"@id\":\"https:\/\/www.supravent.com\/fr\/#organization\"},\"alternateName\":\"SUPRAVENT\",\"potentialAction\":[{\"@type\":\"SearchAction\",\"target\":{\"@type\":\"EntryPoint\",\"urlTemplate\":\"https:\/\/www.supravent.com\/fr\/?s={search_term_string}\"},\"query-input\":{\"@type\":\"PropertyValueSpecification\",\"valueRequired\":true,\"valueName\":\"search_term_string\"}}],\"inLanguage\":\"fr-FR\"},{\"@type\":\"Organization\",\"@id\":\"https:\/\/www.supravent.com\/fr\/#organization\",\"name\":\"SUPRAVENT\",\"alternateName\":\"SUPRAVENT\",\"url\":\"https:\/\/www.supravent.com\/fr\/\",\"logo\":{\"@type\":\"ImageObject\",\"inLanguage\":\"fr-FR\",\"@id\":\"https:\/\/www.supravent.com\/fr\/#\/schema\/logo\/image\/\",\"url\":\"https:\/\/www.supravent.com\/wp-content\/uploads\/2023\/11\/mini-imagotip.svg\",\"contentUrl\":\"https:\/\/www.supravent.com\/wp-content\/uploads\/2023\/11\/mini-imagotip.svg\",\"width\":16,\"height\":17,\"caption\":\"SUPRAVENT\"},\"image\":{\"@id\":\"https:\/\/www.supravent.com\/fr\/#\/schema\/logo\/image\/\"}}]}<\/script>\n<!-- \/ Yoast SEO plugin. -->","yoast_head_json":{"title":"Mention l\u00e9gale | SUPRAVENT","robots":{"index":"noindex","follow":"follow"},"og_locale":"fr_FR","og_type":"article","og_title":"Mention l\u00e9gale | SUPRAVENT","og_description":"Mention l\u00e9gale Le site web et le domaine https:\/\/supravent.com\/ appartiennent \u00e0 l\u2019entreprise SUPRAVENT VENTILATION S.L. (ci-apr\u00e8s Supravent), au CIF B19917574, domicili\u00e9e C\/Joan Rovira i Bastions, n\u00ba26, 17230 Palam\u00f3s (Girona), t\u00e9l. 972.601.942, a \/ e supravent@supravent.com Elle est inscrite au registre du commerce de G\u00e9rone. PROPRI\u00c9T\u00c9 INTELLECTUELLE ET INDUSTRIELLE Les contenus de ce site, y compris&hellip;&nbsp;Lire la suite &raquo;Mention l\u00e9gale","og_url":"https:\/\/www.supravent.com\/fr\/mention-legale\/","og_site_name":"SUPRAVENT","article_modified_time":"2024-10-08T14:01:57+00:00","og_image":[{"width":1280,"height":720,"url":"https:\/\/www.supravent.com\/wp-content\/uploads\/2024\/10\/Supravent.jpg","type":"image\/jpeg"}],"twitter_card":"summary_large_image","twitter_misc":{"Dur\u00e9e de lecture estim\u00e9e":"2 minutes"},"schema":{"@context":"https:\/\/schema.org","@graph":[{"@type":"WebPage","@id":"https:\/\/www.supravent.com\/fr\/mention-legale\/","url":"https:\/\/www.supravent.com\/fr\/mention-legale\/","name":"Mention l\u00e9gale | SUPRAVENT","isPartOf":{"@id":"https:\/\/www.supravent.com\/fr\/#website"},"datePublished":"2021-04-21T06:42:48+00:00","dateModified":"2024-10-08T14:01:57+00:00","breadcrumb":{"@id":"https:\/\/www.supravent.com\/fr\/mention-legale\/#breadcrumb"},"inLanguage":"fr-FR","potentialAction":[{"@type":"ReadAction","target":["https:\/\/www.supravent.com\/fr\/mention-legale\/"]}]},{"@type":"BreadcrumbList","@id":"https:\/\/www.supravent.com\/fr\/mention-legale\/#breadcrumb","itemListElement":[{"@type":"ListItem","position":1,"name":"Supravent","item":"https:\/\/www.supravent.com\/fr\/"},{"@type":"ListItem","position":2,"name":"Mention l\u00e9gale"}]},{"@type":"WebSite","@id":"https:\/\/www.supravent.com\/fr\/#website","url":"https:\/\/www.supravent.com\/fr\/","name":"SUPRAVENT","description":"Soluciones de ventilaci\u00f3n","publisher":{"@id":"https:\/\/www.supravent.com\/fr\/#organization"},"alternateName":"SUPRAVENT","potentialAction":[{"@type":"SearchAction","target":{"@type":"EntryPoint","urlTemplate":"https:\/\/www.supravent.com\/fr\/?s={search_term_string}"},"query-input":{"@type":"PropertyValueSpecification","valueRequired":true,"valueName":"search_term_string"}}],"inLanguage":"fr-FR"},{"@type":"Organization","@id":"https:\/\/www.supravent.com\/fr\/#organization","name":"SUPRAVENT","alternateName":"SUPRAVENT","url":"https:\/\/www.supravent.com\/fr\/","logo":{"@type":"ImageObject","inLanguage":"fr-FR","@id":"https:\/\/www.supravent.com\/fr\/#\/schema\/logo\/image\/","url":"https:\/\/www.supravent.com\/wp-content\/uploads\/2023\/11\/mini-imagotip.svg","contentUrl":"https:\/\/www.supravent.com\/wp-content\/uploads\/2023\/11\/mini-imagotip.svg","width":16,"height":17,"caption":"SUPRAVENT"},"image":{"@id":"https:\/\/www.supravent.com\/fr\/#\/schema\/logo\/image\/"}}]}},"_links":{"self":[{"href":"https:\/\/www.supravent.com\/fr\/wp-json\/wp\/v2\/pages\/1320"}],"collection":[{"href":"https:\/\/www.supravent.com\/fr\/wp-json\/wp\/v2\/pages"}],"about":[{"href":"https:\/\/www.supravent.com\/fr\/wp-json\/wp\/v2\/types\/page"}],"author":[{"embeddable":true,"href":"https:\/\/www.supravent.com\/fr\/wp-json\/wp\/v2\/users\/1"}],"replies":[{"embeddable":true,"href":"https:\/\/www.supravent.com\/fr\/wp-json\/wp\/v2\/comments?post=1320"}],"version-history":[{"count":1,"href":"https:\/\/www.supravent.com\/fr\/wp-json\/wp\/v2\/pages\/1320\/revisions"}],"predecessor-version":[{"id":1321,"href":"https:\/\/www.supravent.com\/fr\/wp-json\/wp\/v2\/pages\/1320\/revisions\/1321"}],"wp:attachment":[{"href":"https:\/\/www.supravent.com\/fr\/wp-json\/wp\/v2\/media?parent=1320"}],"curies":[{"name":"wp","href":"https:\/\/api.w.org\/{rel}","templated":true}]}}