{"id":1328,"date":"2023-12-01T08:55:08","date_gmt":"2023-12-01T07:55:08","guid":{"rendered":"https:\/\/www.supravent.com\/a-propos-de-nous\/"},"modified":"2024-10-16T11:17:05","modified_gmt":"2024-10-16T09:17:05","slug":"a-propos-de-nous","status":"publish","type":"page","link":"https:\/\/www.supravent.com\/fr\/a-propos-de-nous\/","title":{"rendered":"\u00c0 propos de nous"},"content":{"rendered":"\t\t<div data-elementor-type=\"wp-page\" data-elementor-id=\"1328\" class=\"elementor elementor-1328 elementor-845\" data-elementor-post-type=\"page\">\n\t\t\t\t<div class=\"elementor-element elementor-element-0dd753b e-con-full e-flex e-con e-parent\" data-id=\"0dd753b\" data-element_type=\"container\">\n\t\t<div class=\"elementor-element elementor-element-f6f180e e-con-full e-flex e-con e-child\" data-id=\"f6f180e\" data-element_type=\"container\" data-settings=\"{&quot;background_background&quot;:&quot;classic&quot;}\">\n\t\t\t\t<\/div>\n\t\t<div class=\"elementor-element elementor-element-4cfe677 e-con-full e-flex e-con e-child\" data-id=\"4cfe677\" data-element_type=\"container\" data-settings=\"{&quot;background_background&quot;:&quot;classic&quot;}\">\n\t\t\t\t<div class=\"elementor-element elementor-element-6cac722 elementor-widget elementor-widget-heading\" data-id=\"6cac722\" data-element_type=\"widget\" data-widget_type=\"heading.default\">\n\t\t\t\t<div class=\"elementor-widget-container\">\n\t\t\t<h1 class=\"elementor-heading-title elementor-size-default\">\u00c0 propos de nous<\/h1>\t\t<\/div>\n\t\t\t\t<\/div>\n\t\t\t\t<div class=\"elementor-element elementor-element-299b7af elementor-widget__width-initial elementor-widget-laptop__width-inherit elementor-widget elementor-widget-text-editor\" data-id=\"299b7af\" data-element_type=\"widget\" data-widget_type=\"text-editor.default\">\n\t\t\t\t<div class=\"elementor-widget-container\">\n\t\t\t\t\t\t\t<p class=\"p1\"><strong>Supravent<span class=\"s1\">\u00ae <\/span><\/strong>est une <strong>entreprise familiale<\/strong> d\u00e9di\u00e9e \u00e0 la <strong>ventilation, \u00e0 l\u2019extraction et \u00e0 la filtration industrielle pour l\u2019h\u00f4tellerie<\/strong>, avec <strong>40 ans d\u2019exp\u00e9rience<\/strong> dans le secteur.<\/p>\n<p class=\"p1\">Les <strong>hottes aspirantes Supravent<span class=\"s1\">\u00ae <\/span><\/strong>sont con\u00e7ues pour couvrir les besoins de tous les types de cuisines professionnelles et restaurants qui n\u00e9cessitent une <strong>filtration et une extraction maximales<\/strong> pour pouvoir travailler confortablement dans un environnement sans fum\u00e9es.<\/p>\n<p class=\"p1\">Nos hottes  sont <strong>enti\u00e8rement fabriqu\u00e9es en acier inoxydable AISI 304<\/strong> de 1 mm et 1,5 mm d\u2019\u00e9paisseur, totalement soud\u00e9es et polies. Construites en une seule pi\u00e8ce de jusqu\u2019\u00e0 6 m\u00e8tres de longueur.<\/p>\n<p class=\"p1\">Leur <strong>conception robuste<\/strong> et la finition aux bords arrondis leur conf\u00e8rent un <strong>style \u00e9l\u00e9gant<\/strong> et facilitent leur nettoyage.<\/p>\n\t\t\t\t\t\t<\/div>\n\t\t\t\t<\/div>\n\t\t\t\t<\/div>\n\t\t\t\t<\/div>\n\t\t<div class=\"elementor-element elementor-element-bbec504 e-flex e-con-boxed e-con e-child\" data-id=\"bbec504\" data-element_type=\"container\">\n\t\t\t\t\t<div class=\"e-con-inner\">\n\t\t\t\t<div class=\"elementor-element elementor-element-de605da elementor-widget elementor-widget-heading\" data-id=\"de605da\" data-element_type=\"widget\" data-widget_type=\"heading.default\">\n\t\t\t\t<div class=\"elementor-widget-container\">\n\t\t\t<h2 class=\"elementor-heading-title elementor-size-default\">Garantie de qualit\u00e9<\/h2>\t\t<\/div>\n\t\t\t\t<\/div>\n\t\t<div class=\"elementor-element elementor-element-672d15b e-flex e-con-boxed e-con e-child\" data-id=\"672d15b\" data-element_type=\"container\">\n\t\t\t\t\t<div class=\"e-con-inner\">\n\t\t\t\t<div class=\"elementor-element elementor-element-d241260 elementor-widget__width-initial elementor-widget elementor-widget-image\" data-id=\"d241260\" data-element_type=\"widget\" data-widget_type=\"image.default\">\n\t\t\t\t<div class=\"elementor-widget-container\">\n\t\t\t\t\t\t\t\t\t\t\t\t\t<img fetchpriority=\"high\" decoding=\"async\" width=\"890\" height=\"636\" src=\"https:\/\/www.supravent.com\/wp-content\/uploads\/2023\/12\/ce.png\" class=\"attachment-large size-large wp-image-850\" alt=\"\" srcset=\"https:\/\/www.supravent.com\/wp-content\/uploads\/2023\/12\/ce.png 890w, https:\/\/www.supravent.com\/wp-content\/uploads\/2023\/12\/ce-300x214.png 300w, https:\/\/www.supravent.com\/wp-content\/uploads\/2023\/12\/ce-768x549.png 768w\" sizes=\"(max-width: 890px) 100vw, 890px\" \/>\t\t\t\t\t\t\t\t\t\t\t\t\t<\/div>\n\t\t\t\t<\/div>\n\t\t\t\t<div class=\"elementor-element elementor-element-353a7ab elementor-widget elementor-widget-heading\" data-id=\"353a7ab\" data-element_type=\"widget\" data-widget_type=\"heading.default\">\n\t\t\t\t<div class=\"elementor-widget-container\">\n\t\t\t<h2 class=\"elementor-heading-title elementor-size-default\">UNE -EN:12815\/2002 <br>\nEUROPEAN STANDARD<\/h2>\t\t<\/div>\n\t\t\t\t<\/div>\n\t\t\t\t\t<\/div>\n\t\t\t\t<\/div>\n\t\t\t\t\t<\/div>\n\t\t\t\t<\/div>\n\t\t<div class=\"elementor-element elementor-element-f8d49b1 e-con-full elementor-hidden-desktop elementor-hidden-laptop elementor-hidden-tablet elementor-hidden-mobile e-flex e-con e-parent\" data-id=\"f8d49b1\" data-element_type=\"container\" data-settings=\"{&quot;background_background&quot;:&quot;classic&quot;}\">\n\t\t\t\t<div class=\"elementor-element elementor-element-fe78941 elementor-widget elementor-widget-heading\" data-id=\"fe78941\" data-element_type=\"widget\" data-widget_type=\"heading.default\">\n\t\t\t\t<div class=\"elementor-widget-container\">\n\t\t\t<h2 class=\"elementor-heading-title elementor-size-default\">Durabilit\u00e9<\/h2>\t\t<\/div>\n\t\t\t\t<\/div>\n\t\t<div class=\"elementor-element elementor-element-d7f6c6b e-flex e-con-boxed e-con e-child\" data-id=\"d7f6c6b\" data-element_type=\"container\">\n\t\t\t\t\t<div class=\"e-con-inner\">\n\t\t<div class=\"elementor-element elementor-element-9e8432e e-con-full e-flex e-con e-child\" data-id=\"9e8432e\" data-element_type=\"container\">\n\t\t<div class=\"elementor-element elementor-element-8bed05a e-flex e-con-boxed elementor-invisible e-con e-child\" data-id=\"8bed05a\" data-element_type=\"container\" data-settings=\"{&quot;animation&quot;:&quot;fadeInLeft&quot;}\">\n\t\t\t\t\t<div class=\"e-con-inner\">\n\t\t\t\t<div class=\"elementor-element elementor-element-d4f19db elementor-widget elementor-widget-image\" data-id=\"d4f19db\" data-element_type=\"widget\" data-widget_type=\"image.default\">\n\t\t\t\t<div class=\"elementor-widget-container\">\n\t\t\t\t\t\t\t\t\t\t\t\t\t<img decoding=\"async\" width=\"124\" height=\"134\" src=\"https:\/\/www.supravent.com\/wp-content\/uploads\/2023\/12\/agua.png\" class=\"attachment-large size-large wp-image-881\" alt=\"\" \/>\t\t\t\t\t\t\t\t\t\t\t\t\t<\/div>\n\t\t\t\t<\/div>\n\t\t\t\t<div class=\"elementor-element elementor-element-c7a05d8 elementor-widget__width-initial elementor-widget elementor-widget-heading\" data-id=\"c7a05d8\" data-element_type=\"widget\" data-widget_type=\"heading.default\">\n\t\t\t\t<div class=\"elementor-widget-container\">\n\t\t\t<h2 class=\"elementor-heading-title elementor-size-default\"><b> R\u00e9duction de la consommation d\u2019eau <\/b> \u00e9tant \u00e0 la fois respectueuse de l\u2019environnement<\/h2>\t\t<\/div>\n\t\t\t\t<\/div>\n\t\t\t\t\t<\/div>\n\t\t\t\t<\/div>\n\t\t<div class=\"elementor-element elementor-element-6a2c663 e-flex e-con-boxed elementor-invisible e-con e-child\" data-id=\"6a2c663\" data-element_type=\"container\" data-settings=\"{&quot;animation&quot;:&quot;fadeInLeft&quot;}\">\n\t\t\t\t\t<div class=\"e-con-inner\">\n\t\t\t\t<div class=\"elementor-element elementor-element-018abae elementor-widget elementor-widget-image\" data-id=\"018abae\" data-element_type=\"widget\" data-widget_type=\"image.default\">\n\t\t\t\t<div class=\"elementor-widget-container\">\n\t\t\t\t\t\t\t\t\t\t\t\t\t<img decoding=\"async\" width=\"90\" height=\"151\" src=\"https:\/\/www.supravent.com\/wp-content\/uploads\/2023\/12\/olores.png\" class=\"attachment-large size-large wp-image-884\" alt=\"\" \/>\t\t\t\t\t\t\t\t\t\t\t\t\t<\/div>\n\t\t\t\t<\/div>\n\t\t\t\t<div class=\"elementor-element elementor-element-5eb5946 elementor-widget__width-initial elementor-widget elementor-widget-heading\" data-id=\"5eb5946\" data-element_type=\"widget\" data-widget_type=\"heading.default\">\n\t\t\t\t<div class=\"elementor-widget-container\">\n\t\t\t<h2 class=\"elementor-heading-title elementor-size-default\"><b> R\u00e9duction des odeurs et des \u00e9missions <\/b> \u00e0 l\u2019ext\u00e9rieur, ce qui am\u00e9liore le bien-\u00eatre des voisins.<\/h2>\t\t<\/div>\n\t\t\t\t<\/div>\n\t\t\t\t\t<\/div>\n\t\t\t\t<\/div>\n\t\t<div class=\"elementor-element elementor-element-6418631 e-flex e-con-boxed elementor-invisible e-con e-child\" data-id=\"6418631\" data-element_type=\"container\" data-settings=\"{&quot;animation&quot;:&quot;fadeInLeft&quot;}\">\n\t\t\t\t\t<div class=\"e-con-inner\">\n\t\t\t\t<div class=\"elementor-element elementor-element-3b2db9d elementor-widget elementor-widget-image\" data-id=\"3b2db9d\" data-element_type=\"widget\" data-widget_type=\"image.default\">\n\t\t\t\t<div class=\"elementor-widget-container\">\n\t\t\t\t\t\t\t\t\t\t\t\t\t<img loading=\"lazy\" decoding=\"async\" width=\"90\" height=\"151\" src=\"https:\/\/www.supravent.com\/wp-content\/uploads\/2023\/12\/temperatura.png\" class=\"attachment-large size-large wp-image-886\" alt=\"\" \/>\t\t\t\t\t\t\t\t\t\t\t\t\t<\/div>\n\t\t\t\t<\/div>\n\t\t\t\t<div class=\"elementor-element elementor-element-e3b7a57 elementor-widget__width-initial elementor-widget elementor-widget-heading\" data-id=\"e3b7a57\" data-element_type=\"widget\" data-widget_type=\"heading.default\">\n\t\t\t\t<div class=\"elementor-widget-container\">\n\t\t\t<h2 class=\"elementor-heading-title elementor-size-default\"><b> R\u00e9duction de la temp\u00e9rature de l\u2019air <\/b>, \u00e9vitant les risques d\u2019un conduit \u00e0 haute temp\u00e9rature, \u00e9vacuant l\u2019air r\u00e9sultant \u00e0 temp\u00e9rature ambiante.<\/h2>\t\t<\/div>\n\t\t\t\t<\/div>\n\t\t\t\t\t<\/div>\n\t\t\t\t<\/div>\n\t\t\t\t<\/div>\n\t\t<div class=\"elementor-element elementor-element-19aea6b e-con-full e-flex e-con e-child\" data-id=\"19aea6b\" data-element_type=\"container\">\n\t\t\t\t<div class=\"elementor-element elementor-element-7648413 elementor-widget elementor-widget-image\" data-id=\"7648413\" data-element_type=\"widget\" data-settings=\"{&quot;motion_fx_motion_fx_scrolling&quot;:&quot;yes&quot;,&quot;motion_fx_translateY_effect&quot;:&quot;yes&quot;,&quot;motion_fx_translateY_direction&quot;:&quot;negative&quot;,&quot;motion_fx_devices&quot;:[&quot;desktop&quot;,&quot;laptop&quot;,&quot;tablet&quot;],&quot;motion_fx_translateY_speed&quot;:{&quot;unit&quot;:&quot;px&quot;,&quot;size&quot;:4,&quot;sizes&quot;:[]},&quot;motion_fx_translateY_affectedRange&quot;:{&quot;unit&quot;:&quot;%&quot;,&quot;size&quot;:&quot;&quot;,&quot;sizes&quot;:{&quot;start&quot;:0,&quot;end&quot;:100}}}\" data-widget_type=\"image.default\">\n\t\t\t\t<div class=\"elementor-widget-container\">\n\t\t\t\t\t\t\t\t\t\t\t\t\t<img loading=\"lazy\" decoding=\"async\" width=\"682\" height=\"1024\" src=\"https:\/\/www.supravent.com\/wp-content\/uploads\/2023\/12\/sostenibilidad-682x1024.png\" class=\"attachment-large size-large wp-image-874\" alt=\"\" srcset=\"https:\/\/www.supravent.com\/wp-content\/uploads\/2023\/12\/sostenibilidad-682x1024.png 682w, https:\/\/www.supravent.com\/wp-content\/uploads\/2023\/12\/sostenibilidad-200x300.png 200w, https:\/\/www.supravent.com\/wp-content\/uploads\/2023\/12\/sostenibilidad-768x1153.png 768w, https:\/\/www.supravent.com\/wp-content\/uploads\/2023\/12\/sostenibilidad.png 1019w\" sizes=\"(max-width: 682px) 100vw, 682px\" \/>\t\t\t\t\t\t\t\t\t\t\t\t\t<\/div>\n\t\t\t\t<\/div>\n\t\t\t\t<\/div>\n\t\t<div class=\"elementor-element elementor-element-025b0c0 e-con-full e-flex e-con e-child\" data-id=\"025b0c0\" data-element_type=\"container\">\n\t\t<div class=\"elementor-element elementor-element-8647693 e-flex e-con-boxed elementor-invisible e-con e-child\" data-id=\"8647693\" data-element_type=\"container\" data-settings=\"{&quot;animation&quot;:&quot;fadeInRight&quot;}\">\n\t\t\t\t\t<div class=\"e-con-inner\">\n\t\t\t\t<div class=\"elementor-element elementor-element-1243412 elementor-widget elementor-widget-image\" data-id=\"1243412\" data-element_type=\"widget\" data-widget_type=\"image.default\">\n\t\t\t\t<div class=\"elementor-widget-container\">\n\t\t\t\t\t\t\t\t\t\t\t\t\t<img loading=\"lazy\" decoding=\"async\" width=\"108\" height=\"131\" src=\"https:\/\/www.supravent.com\/wp-content\/uploads\/2023\/12\/chispas.png\" class=\"attachment-large size-large wp-image-882\" alt=\"\" \/>\t\t\t\t\t\t\t\t\t\t\t\t\t<\/div>\n\t\t\t\t<\/div>\n\t\t\t\t<div class=\"elementor-element elementor-element-e3ebd6e elementor-widget__width-initial elementor-widget elementor-widget-heading\" data-id=\"e3ebd6e\" data-element_type=\"widget\" data-widget_type=\"heading.default\">\n\t\t\t\t<div class=\"elementor-widget-container\">\n\t\t\t<h2 class=\"elementor-heading-title elementor-size-default\"><b> \u00c9limination de flamm\u00e8ches <\/b> et pr\u00e9vention du passage des flammes.<\/h2>\t\t<\/div>\n\t\t\t\t<\/div>\n\t\t\t\t\t<\/div>\n\t\t\t\t<\/div>\n\t\t<div class=\"elementor-element elementor-element-9344ccc e-flex e-con-boxed elementor-invisible e-con e-child\" data-id=\"9344ccc\" data-element_type=\"container\" data-settings=\"{&quot;animation&quot;:&quot;fadeInRight&quot;}\">\n\t\t\t\t\t<div class=\"e-con-inner\">\n\t\t\t\t<div class=\"elementor-element elementor-element-305e7a8 elementor-widget elementor-widget-image\" data-id=\"305e7a8\" data-element_type=\"widget\" data-widget_type=\"image.default\">\n\t\t\t\t<div class=\"elementor-widget-container\">\n\t\t\t\t\t\t\t\t\t\t\t\t\t<img loading=\"lazy\" decoding=\"async\" width=\"157\" height=\"98\" src=\"https:\/\/www.supravent.com\/wp-content\/uploads\/2023\/12\/eficiencia.png\" class=\"attachment-large size-large wp-image-883\" alt=\"\" \/>\t\t\t\t\t\t\t\t\t\t\t\t\t<\/div>\n\t\t\t\t<\/div>\n\t\t\t\t<div class=\"elementor-element elementor-element-db3262f elementor-widget__width-initial elementor-widget elementor-widget-heading\" data-id=\"db3262f\" data-element_type=\"widget\" data-widget_type=\"heading.default\">\n\t\t\t\t<div class=\"elementor-widget-container\">\n\t\t\t<h2 class=\"elementor-heading-title elementor-size-default\"><b> \u00c9limination efficace <\/b>  des graisses, cendres et autres particules volatiles.<\/h2>\t\t<\/div>\n\t\t\t\t<\/div>\n\t\t\t\t\t<\/div>\n\t\t\t\t<\/div>\n\t\t<div class=\"elementor-element elementor-element-e323c01 e-flex e-con-boxed elementor-invisible e-con e-child\" data-id=\"e323c01\" data-element_type=\"container\" data-settings=\"{&quot;animation&quot;:&quot;fadeInRight&quot;}\">\n\t\t\t\t\t<div class=\"e-con-inner\">\n\t\t\t\t<div class=\"elementor-element elementor-element-20211a3 elementor-widget elementor-widget-image\" data-id=\"20211a3\" data-element_type=\"widget\" data-widget_type=\"image.default\">\n\t\t\t\t<div class=\"elementor-widget-container\">\n\t\t\t\t\t\t\t\t\t\t\t\t\t<img loading=\"lazy\" decoding=\"async\" width=\"103\" height=\"101\" src=\"https:\/\/www.supravent.com\/wp-content\/uploads\/2023\/12\/prevencion.png\" class=\"attachment-large size-large wp-image-885\" alt=\"\" \/>\t\t\t\t\t\t\t\t\t\t\t\t\t<\/div>\n\t\t\t\t<\/div>\n\t\t\t\t<div class=\"elementor-element elementor-element-01167b8 elementor-widget__width-initial elementor-widget elementor-widget-heading\" data-id=\"01167b8\" data-element_type=\"widget\" data-widget_type=\"heading.default\">\n\t\t\t\t<div class=\"elementor-widget-container\">\n\t\t\t<h2 class=\"elementor-heading-title elementor-size-default\"><b> \u00c9vite l\u2019accumulation de d\u00e9p\u00f4ts de graisse <\/b> et\/ou de cr\u00e9osote dans les conduits, \u00e9liminant les risques d\u2019inflammation.<\/h2>\t\t<\/div>\n\t\t\t\t<\/div>\n\t\t\t\t\t<\/div>\n\t\t\t\t<\/div>\n\t\t\t\t<\/div>\n\t\t\t\t\t<\/div>\n\t\t\t\t<\/div>\n\t\t\t\t<\/div>\n\t\t\t\t<\/div>\n\t\t","protected":false},"excerpt":{"rendered":"<p>\u00c0 propos de nous Supravent\u00ae est une entreprise familiale d\u00e9di\u00e9e \u00e0 la ventilation, \u00e0 l\u2019extraction et \u00e0 la filtration industrielle pour l\u2019h\u00f4tellerie, avec 40 ans d\u2019exp\u00e9rience dans le secteur. Les hottes aspirantes Supravent\u00ae sont con\u00e7ues pour couvrir les besoins de tous les types de cuisines professionnelles et restaurants qui n\u00e9cessitent une filtration et une extraction&hellip;&nbsp;<a href=\"https:\/\/www.supravent.com\/fr\/a-propos-de-nous\/\" class=\"\" rel=\"bookmark\">Lire la suite &raquo;<span class=\"screen-reader-text\">\u00c0 propos de nous<\/span><\/a><\/p>\n","protected":false},"author":1,"featured_media":1309,"parent":0,"menu_order":0,"comment_status":"closed","ping_status":"closed","template":"page-templates\/template-pagebuilder-full-width.php","meta":{"_acf_changed":false,"neve_meta_sidebar":"","neve_meta_container":"","neve_meta_enable_content_width":"off","neve_meta_content_width":100,"neve_meta_title_alignment":"","neve_meta_author_avatar":"","neve_post_elements_order":"","neve_meta_disable_header":"","neve_meta_disable_footer":"","neve_meta_disable_title":"","footnotes":""},"class_list":["post-1328","page","type-page","status-publish","has-post-thumbnail","hentry"],"acf":[],"yoast_head":"<!-- This site is optimized with the Yoast SEO plugin v24.1 - https:\/\/yoast.com\/wordpress\/plugins\/seo\/ -->\n<title>\u00c0 propos de nous | SUPRAVENT<\/title>\n<meta name=\"description\" content=\"Supravent\u00ae est une entreprise d\u00e9di\u00e9e \u00e0 la ventilation, \u00e0 l\u2019extraction et \u00e0 la filtration industrielle pour le secteur de l\u2019h\u00f4tellerie, avec 40 ans d\u2019exp\u00e9rience.\" \/>\n<meta name=\"robots\" content=\"index, follow, max-snippet:-1, max-image-preview:large, max-video-preview:-1\" \/>\n<link rel=\"canonical\" href=\"https:\/\/www.supravent.com\/fr\/a-propos-de-nous\/\" \/>\n<meta property=\"og:locale\" content=\"fr_FR\" \/>\n<meta property=\"og:type\" content=\"article\" \/>\n<meta property=\"og:title\" content=\"\u00c0 propos de nous | SUPRAVENT\" \/>\n<meta property=\"og:description\" content=\"Supravent\u00ae est une entreprise d\u00e9di\u00e9e \u00e0 la ventilation, \u00e0 l\u2019extraction et \u00e0 la filtration industrielle pour le secteur de l\u2019h\u00f4tellerie, avec 40 ans d\u2019exp\u00e9rience.\" \/>\n<meta property=\"og:url\" content=\"https:\/\/www.supravent.com\/fr\/a-propos-de-nous\/\" \/>\n<meta property=\"og:site_name\" content=\"SUPRAVENT\" \/>\n<meta property=\"article:modified_time\" content=\"2024-10-16T09:17:05+00:00\" \/>\n<meta property=\"og:image\" content=\"https:\/\/www.supravent.com\/wp-content\/uploads\/2023\/12\/ce.png\" \/>\n<meta name=\"twitter:card\" content=\"summary_large_image\" \/>\n<meta name=\"twitter:label1\" content=\"Dur\u00e9e de lecture estim\u00e9e\" \/>\n\t<meta name=\"twitter:data1\" content=\"1 minute\" \/>\n<script type=\"application\/ld+json\" class=\"yoast-schema-graph\">{\"@context\":\"https:\/\/schema.org\",\"@graph\":[{\"@type\":\"WebPage\",\"@id\":\"https:\/\/www.supravent.com\/fr\/a-propos-de-nous\/\",\"url\":\"https:\/\/www.supravent.com\/fr\/a-propos-de-nous\/\",\"name\":\"\u00c0 propos de nous | SUPRAVENT\",\"isPartOf\":{\"@id\":\"https:\/\/www.supravent.com\/fr\/#website\"},\"primaryImageOfPage\":{\"@id\":\"https:\/\/www.supravent.com\/fr\/a-propos-de-nous\/#primaryimage\"},\"image\":{\"@id\":\"https:\/\/www.supravent.com\/fr\/a-propos-de-nous\/#primaryimage\"},\"thumbnailUrl\":\"https:\/\/www.supravent.com\/wp-content\/uploads\/2023\/11\/Mibrasa_botic_robatayaki_charcoal_grill-scaled.jpg\",\"datePublished\":\"2023-12-01T07:55:08+00:00\",\"dateModified\":\"2024-10-16T09:17:05+00:00\",\"description\":\"Supravent\u00ae est une entreprise d\u00e9di\u00e9e \u00e0 la ventilation, \u00e0 l\u2019extraction et \u00e0 la filtration industrielle pour le secteur de l\u2019h\u00f4tellerie, avec 40 ans d\u2019exp\u00e9rience.\",\"breadcrumb\":{\"@id\":\"https:\/\/www.supravent.com\/fr\/a-propos-de-nous\/#breadcrumb\"},\"inLanguage\":\"fr-FR\",\"potentialAction\":[{\"@type\":\"ReadAction\",\"target\":[\"https:\/\/www.supravent.com\/fr\/a-propos-de-nous\/\"]}]},{\"@type\":\"ImageObject\",\"inLanguage\":\"fr-FR\",\"@id\":\"https:\/\/www.supravent.com\/fr\/a-propos-de-nous\/#primaryimage\",\"url\":\"https:\/\/www.supravent.com\/wp-content\/uploads\/2023\/11\/Mibrasa_botic_robatayaki_charcoal_grill-scaled.jpg\",\"contentUrl\":\"https:\/\/www.supravent.com\/wp-content\/uploads\/2023\/11\/Mibrasa_botic_robatayaki_charcoal_grill-scaled.jpg\",\"width\":2560,\"height\":1709},{\"@type\":\"BreadcrumbList\",\"@id\":\"https:\/\/www.supravent.com\/fr\/a-propos-de-nous\/#breadcrumb\",\"itemListElement\":[{\"@type\":\"ListItem\",\"position\":1,\"name\":\"Supravent\",\"item\":\"https:\/\/www.supravent.com\/fr\/\"},{\"@type\":\"ListItem\",\"position\":2,\"name\":\"\u00c0 propos de nous\"}]},{\"@type\":\"WebSite\",\"@id\":\"https:\/\/www.supravent.com\/fr\/#website\",\"url\":\"https:\/\/www.supravent.com\/fr\/\",\"name\":\"SUPRAVENT\",\"description\":\"Soluciones de ventilaci\u00f3n\",\"publisher\":{\"@id\":\"https:\/\/www.supravent.com\/fr\/#organization\"},\"alternateName\":\"SUPRAVENT\",\"potentialAction\":[{\"@type\":\"SearchAction\",\"target\":{\"@type\":\"EntryPoint\",\"urlTemplate\":\"https:\/\/www.supravent.com\/fr\/?s={search_term_string}\"},\"query-input\":{\"@type\":\"PropertyValueSpecification\",\"valueRequired\":true,\"valueName\":\"search_term_string\"}}],\"inLanguage\":\"fr-FR\"},{\"@type\":\"Organization\",\"@id\":\"https:\/\/www.supravent.com\/fr\/#organization\",\"name\":\"SUPRAVENT\",\"alternateName\":\"SUPRAVENT\",\"url\":\"https:\/\/www.supravent.com\/fr\/\",\"logo\":{\"@type\":\"ImageObject\",\"inLanguage\":\"fr-FR\",\"@id\":\"https:\/\/www.supravent.com\/fr\/#\/schema\/logo\/image\/\",\"url\":\"https:\/\/www.supravent.com\/wp-content\/uploads\/2023\/11\/mini-imagotip.svg\",\"contentUrl\":\"https:\/\/www.supravent.com\/wp-content\/uploads\/2023\/11\/mini-imagotip.svg\",\"width\":16,\"height\":17,\"caption\":\"SUPRAVENT\"},\"image\":{\"@id\":\"https:\/\/www.supravent.com\/fr\/#\/schema\/logo\/image\/\"}}]}<\/script>\n<!-- \/ Yoast SEO plugin. -->","yoast_head_json":{"title":"\u00c0 propos de nous | SUPRAVENT","description":"Supravent\u00ae est une entreprise d\u00e9di\u00e9e \u00e0 la ventilation, \u00e0 l\u2019extraction et \u00e0 la filtration industrielle pour le secteur de l\u2019h\u00f4tellerie, avec 40 ans d\u2019exp\u00e9rience.","robots":{"index":"index","follow":"follow","max-snippet":"max-snippet:-1","max-image-preview":"max-image-preview:large","max-video-preview":"max-video-preview:-1"},"canonical":"https:\/\/www.supravent.com\/fr\/a-propos-de-nous\/","og_locale":"fr_FR","og_type":"article","og_title":"\u00c0 propos de nous | SUPRAVENT","og_description":"Supravent\u00ae est une entreprise d\u00e9di\u00e9e \u00e0 la ventilation, \u00e0 l\u2019extraction et \u00e0 la filtration industrielle pour le secteur de l\u2019h\u00f4tellerie, avec 40 ans d\u2019exp\u00e9rience.","og_url":"https:\/\/www.supravent.com\/fr\/a-propos-de-nous\/","og_site_name":"SUPRAVENT","article_modified_time":"2024-10-16T09:17:05+00:00","og_image":[{"url":"https:\/\/www.supravent.com\/wp-content\/uploads\/2023\/12\/ce.png","type":"","width":"","height":""}],"twitter_card":"summary_large_image","twitter_misc":{"Dur\u00e9e de lecture estim\u00e9e":"1 minute"},"schema":{"@context":"https:\/\/schema.org","@graph":[{"@type":"WebPage","@id":"https:\/\/www.supravent.com\/fr\/a-propos-de-nous\/","url":"https:\/\/www.supravent.com\/fr\/a-propos-de-nous\/","name":"\u00c0 propos de nous | SUPRAVENT","isPartOf":{"@id":"https:\/\/www.supravent.com\/fr\/#website"},"primaryImageOfPage":{"@id":"https:\/\/www.supravent.com\/fr\/a-propos-de-nous\/#primaryimage"},"image":{"@id":"https:\/\/www.supravent.com\/fr\/a-propos-de-nous\/#primaryimage"},"thumbnailUrl":"https:\/\/www.supravent.com\/wp-content\/uploads\/2023\/11\/Mibrasa_botic_robatayaki_charcoal_grill-scaled.jpg","datePublished":"2023-12-01T07:55:08+00:00","dateModified":"2024-10-16T09:17:05+00:00","description":"Supravent\u00ae est une entreprise d\u00e9di\u00e9e \u00e0 la ventilation, \u00e0 l\u2019extraction et \u00e0 la filtration industrielle pour le secteur de l\u2019h\u00f4tellerie, avec 40 ans d\u2019exp\u00e9rience.","breadcrumb":{"@id":"https:\/\/www.supravent.com\/fr\/a-propos-de-nous\/#breadcrumb"},"inLanguage":"fr-FR","potentialAction":[{"@type":"ReadAction","target":["https:\/\/www.supravent.com\/fr\/a-propos-de-nous\/"]}]},{"@type":"ImageObject","inLanguage":"fr-FR","@id":"https:\/\/www.supravent.com\/fr\/a-propos-de-nous\/#primaryimage","url":"https:\/\/www.supravent.com\/wp-content\/uploads\/2023\/11\/Mibrasa_botic_robatayaki_charcoal_grill-scaled.jpg","contentUrl":"https:\/\/www.supravent.com\/wp-content\/uploads\/2023\/11\/Mibrasa_botic_robatayaki_charcoal_grill-scaled.jpg","width":2560,"height":1709},{"@type":"BreadcrumbList","@id":"https:\/\/www.supravent.com\/fr\/a-propos-de-nous\/#breadcrumb","itemListElement":[{"@type":"ListItem","position":1,"name":"Supravent","item":"https:\/\/www.supravent.com\/fr\/"},{"@type":"ListItem","position":2,"name":"\u00c0 propos de nous"}]},{"@type":"WebSite","@id":"https:\/\/www.supravent.com\/fr\/#website","url":"https:\/\/www.supravent.com\/fr\/","name":"SUPRAVENT","description":"Soluciones de ventilaci\u00f3n","publisher":{"@id":"https:\/\/www.supravent.com\/fr\/#organization"},"alternateName":"SUPRAVENT","potentialAction":[{"@type":"SearchAction","target":{"@type":"EntryPoint","urlTemplate":"https:\/\/www.supravent.com\/fr\/?s={search_term_string}"},"query-input":{"@type":"PropertyValueSpecification","valueRequired":true,"valueName":"search_term_string"}}],"inLanguage":"fr-FR"},{"@type":"Organization","@id":"https:\/\/www.supravent.com\/fr\/#organization","name":"SUPRAVENT","alternateName":"SUPRAVENT","url":"https:\/\/www.supravent.com\/fr\/","logo":{"@type":"ImageObject","inLanguage":"fr-FR","@id":"https:\/\/www.supravent.com\/fr\/#\/schema\/logo\/image\/","url":"https:\/\/www.supravent.com\/wp-content\/uploads\/2023\/11\/mini-imagotip.svg","contentUrl":"https:\/\/www.supravent.com\/wp-content\/uploads\/2023\/11\/mini-imagotip.svg","width":16,"height":17,"caption":"SUPRAVENT"},"image":{"@id":"https:\/\/www.supravent.com\/fr\/#\/schema\/logo\/image\/"}}]}},"_links":{"self":[{"href":"https:\/\/www.supravent.com\/fr\/wp-json\/wp\/v2\/pages\/1328"}],"collection":[{"href":"https:\/\/www.supravent.com\/fr\/wp-json\/wp\/v2\/pages"}],"about":[{"href":"https:\/\/www.supravent.com\/fr\/wp-json\/wp\/v2\/types\/page"}],"author":[{"embeddable":true,"href":"https:\/\/www.supravent.com\/fr\/wp-json\/wp\/v2\/users\/1"}],"replies":[{"embeddable":true,"href":"https:\/\/www.supravent.com\/fr\/wp-json\/wp\/v2\/comments?post=1328"}],"version-history":[{"count":2,"href":"https:\/\/www.supravent.com\/fr\/wp-json\/wp\/v2\/pages\/1328\/revisions"}],"predecessor-version":[{"id":1512,"href":"https:\/\/www.supravent.com\/fr\/wp-json\/wp\/v2\/pages\/1328\/revisions\/1512"}],"wp:featuredmedia":[{"embeddable":true,"href":"https:\/\/www.supravent.com\/fr\/wp-json\/wp\/v2\/media\/1309"}],"wp:attachment":[{"href":"https:\/\/www.supravent.com\/fr\/wp-json\/wp\/v2\/media?parent=1328"}],"curies":[{"name":"wp","href":"https:\/\/api.w.org\/{rel}","templated":true}]}}