{"id":1412,"date":"2023-12-01T08:55:08","date_gmt":"2023-12-01T07:55:08","guid":{"rendered":"https:\/\/www.supravent.com\/chi-siamo\/"},"modified":"2024-10-25T11:46:40","modified_gmt":"2024-10-25T09:46:40","slug":"chi-siamo","status":"publish","type":"page","link":"https:\/\/www.supravent.com\/it\/chi-siamo\/","title":{"rendered":"Chi siamo"},"content":{"rendered":"\t\t<div data-elementor-type=\"wp-page\" data-elementor-id=\"1412\" class=\"elementor elementor-1412 elementor-845\" data-elementor-post-type=\"page\">\n\t\t\t\t<div class=\"elementor-element elementor-element-0dd753b e-con-full e-flex e-con e-parent\" data-id=\"0dd753b\" data-element_type=\"container\">\n\t\t<div class=\"elementor-element elementor-element-f6f180e e-con-full e-flex e-con e-child\" data-id=\"f6f180e\" data-element_type=\"container\" data-settings=\"{&quot;background_background&quot;:&quot;classic&quot;}\">\n\t\t\t\t<\/div>\n\t\t<div class=\"elementor-element elementor-element-4cfe677 e-con-full e-flex e-con e-child\" data-id=\"4cfe677\" data-element_type=\"container\" data-settings=\"{&quot;background_background&quot;:&quot;classic&quot;}\">\n\t\t\t\t<div class=\"elementor-element elementor-element-6cac722 elementor-widget elementor-widget-heading\" data-id=\"6cac722\" data-element_type=\"widget\" data-widget_type=\"heading.default\">\n\t\t\t\t<div class=\"elementor-widget-container\">\n\t\t\t<h1 class=\"elementor-heading-title elementor-size-default\">Chi siamo<\/h1>\t\t<\/div>\n\t\t\t\t<\/div>\n\t\t\t\t<div class=\"elementor-element elementor-element-299b7af elementor-widget__width-initial elementor-widget-laptop__width-inherit elementor-widget elementor-widget-text-editor\" data-id=\"299b7af\" data-element_type=\"widget\" data-widget_type=\"text-editor.default\">\n\t\t\t\t<div class=\"elementor-widget-container\">\n\t\t\t\t\t\t\t<p class=\"p1\"><strong>Supravent<span class=\"s1\">\u00ae <\/span><\/strong>es una <strong>empresa de propiedad familiar<\/strong> dedicada a la <strong>ventilaci\u00f3n, extracci\u00f3n y filtraci\u00f3n industrial para la hosteler\u00eda<\/strong>, con <strong>40 a\u00f1os de experiencia<\/strong> en el sector.<\/p>\n<p class=\"p1\">Las <strong>campanas extractoras Supravent<span class=\"s1\">\u00ae <\/span><\/strong>est\u00e1n dise\u00f1adas para cubrir las necesidades de todo tipo de cocinas profesionales y restaurantes, los cuales, requieren de la <strong>m\u00e1xima filtraci\u00f3n y extracci\u00f3n<\/strong> para poder trabajar c\u00f3modamente en un entorno totalmente limpio de humos.<\/p>\n<p class=\"p1\">Nuestras campanas est\u00e1n <strong>fabricadas \u00edntegramente en acero inoxidable AISI 304<\/strong> de 1mm y 1,5mm de espesor, totalmente soldadas y pulidas. Construidas en una sola pieza de hasta 6 metros de longitud. <\/p>\n<p class=\"p1\">Con una <strong>l\u00ednea robusta<\/strong> y un acabado redondeado a todos los perfiles, d\u00e1ndole un <strong>estilo elegante<\/strong> y facilitando al m\u00e1ximo su limpieza.<\/p>\n\t\t\t\t\t\t<\/div>\n\t\t\t\t<\/div>\n\t\t\t\t<\/div>\n\t\t\t\t<\/div>\n\t\t<div class=\"elementor-element elementor-element-bbec504 e-flex e-con-boxed e-con e-child\" data-id=\"bbec504\" data-element_type=\"container\">\n\t\t\t\t\t<div class=\"e-con-inner\">\n\t\t\t\t<div class=\"elementor-element elementor-element-de605da elementor-widget elementor-widget-heading\" data-id=\"de605da\" data-element_type=\"widget\" data-widget_type=\"heading.default\">\n\t\t\t\t<div class=\"elementor-widget-container\">\n\t\t\t<h2 class=\"elementor-heading-title elementor-size-default\">Garanzia di qualit\u00e0<\/h2>\t\t<\/div>\n\t\t\t\t<\/div>\n\t\t<div class=\"elementor-element elementor-element-672d15b e-flex e-con-boxed e-con e-child\" data-id=\"672d15b\" data-element_type=\"container\">\n\t\t\t\t\t<div class=\"e-con-inner\">\n\t\t\t\t<div class=\"elementor-element elementor-element-d241260 elementor-widget__width-initial elementor-widget elementor-widget-image\" data-id=\"d241260\" data-element_type=\"widget\" data-widget_type=\"image.default\">\n\t\t\t\t<div class=\"elementor-widget-container\">\n\t\t\t\t\t\t\t\t\t\t\t\t\t<img fetchpriority=\"high\" decoding=\"async\" width=\"890\" height=\"636\" src=\"https:\/\/www.supravent.com\/wp-content\/uploads\/2023\/12\/ce.png\" class=\"attachment-large size-large wp-image-850\" alt=\"\" srcset=\"https:\/\/www.supravent.com\/wp-content\/uploads\/2023\/12\/ce.png 890w, https:\/\/www.supravent.com\/wp-content\/uploads\/2023\/12\/ce-300x214.png 300w, https:\/\/www.supravent.com\/wp-content\/uploads\/2023\/12\/ce-768x549.png 768w\" sizes=\"(max-width: 890px) 100vw, 890px\" \/>\t\t\t\t\t\t\t\t\t\t\t\t\t<\/div>\n\t\t\t\t<\/div>\n\t\t\t\t<div class=\"elementor-element elementor-element-353a7ab elementor-widget elementor-widget-heading\" data-id=\"353a7ab\" data-element_type=\"widget\" data-widget_type=\"heading.default\">\n\t\t\t\t<div class=\"elementor-widget-container\">\n\t\t\t<h2 class=\"elementor-heading-title elementor-size-default\">UNE -EN:12815\/2002 <br>EUROPEAN STANDARD<\/h2>\t\t<\/div>\n\t\t\t\t<\/div>\n\t\t\t\t\t<\/div>\n\t\t\t\t<\/div>\n\t\t\t\t\t<\/div>\n\t\t\t\t<\/div>\n\t\t<div class=\"elementor-element elementor-element-f8d49b1 e-con-full elementor-hidden-desktop elementor-hidden-laptop elementor-hidden-tablet elementor-hidden-mobile e-flex e-con e-parent\" data-id=\"f8d49b1\" data-element_type=\"container\" data-settings=\"{&quot;background_background&quot;:&quot;classic&quot;}\">\n\t\t\t\t<div class=\"elementor-element elementor-element-fe78941 elementor-widget elementor-widget-heading\" data-id=\"fe78941\" data-element_type=\"widget\" data-widget_type=\"heading.default\">\n\t\t\t\t<div class=\"elementor-widget-container\">\n\t\t\t<h2 class=\"elementor-heading-title elementor-size-default\">Sostenibilit\u00e0<\/h2>\t\t<\/div>\n\t\t\t\t<\/div>\n\t\t<div class=\"elementor-element elementor-element-d7f6c6b e-flex e-con-boxed e-con e-child\" data-id=\"d7f6c6b\" data-element_type=\"container\">\n\t\t\t\t\t<div class=\"e-con-inner\">\n\t\t<div class=\"elementor-element elementor-element-9e8432e e-con-full e-flex e-con e-child\" data-id=\"9e8432e\" data-element_type=\"container\">\n\t\t<div class=\"elementor-element elementor-element-8bed05a e-flex e-con-boxed elementor-invisible e-con e-child\" data-id=\"8bed05a\" data-element_type=\"container\" data-settings=\"{&quot;animation&quot;:&quot;fadeInLeft&quot;}\">\n\t\t\t\t\t<div class=\"e-con-inner\">\n\t\t\t\t<div class=\"elementor-element elementor-element-d4f19db elementor-widget elementor-widget-image\" data-id=\"d4f19db\" data-element_type=\"widget\" data-widget_type=\"image.default\">\n\t\t\t\t<div class=\"elementor-widget-container\">\n\t\t\t\t\t\t\t\t\t\t\t\t\t<img decoding=\"async\" width=\"124\" height=\"134\" src=\"https:\/\/www.supravent.com\/wp-content\/uploads\/2023\/12\/agua.png\" class=\"attachment-large size-large wp-image-881\" alt=\"\" \/>\t\t\t\t\t\t\t\t\t\t\t\t\t<\/div>\n\t\t\t\t<\/div>\n\t\t\t\t<div class=\"elementor-element elementor-element-c7a05d8 elementor-widget__width-initial elementor-widget elementor-widget-heading\" data-id=\"c7a05d8\" data-element_type=\"widget\" data-widget_type=\"heading.default\">\n\t\t\t\t<div class=\"elementor-widget-container\">\n\t\t\t<h2 class=\"elementor-heading-title elementor-size-default\"> <b> Reducci\u00f3n del consumo de agua <\/b> siendo a su vez respetuoso con el medio ambiente<\/h2>\t\t<\/div>\n\t\t\t\t<\/div>\n\t\t\t\t\t<\/div>\n\t\t\t\t<\/div>\n\t\t<div class=\"elementor-element elementor-element-6a2c663 e-flex e-con-boxed elementor-invisible e-con e-child\" data-id=\"6a2c663\" data-element_type=\"container\" data-settings=\"{&quot;animation&quot;:&quot;fadeInLeft&quot;}\">\n\t\t\t\t\t<div class=\"e-con-inner\">\n\t\t\t\t<div class=\"elementor-element elementor-element-018abae elementor-widget elementor-widget-image\" data-id=\"018abae\" data-element_type=\"widget\" data-widget_type=\"image.default\">\n\t\t\t\t<div class=\"elementor-widget-container\">\n\t\t\t\t\t\t\t\t\t\t\t\t\t<img decoding=\"async\" width=\"90\" height=\"151\" src=\"https:\/\/www.supravent.com\/wp-content\/uploads\/2023\/12\/olores.png\" class=\"attachment-large size-large wp-image-884\" alt=\"\" \/>\t\t\t\t\t\t\t\t\t\t\t\t\t<\/div>\n\t\t\t\t<\/div>\n\t\t\t\t<div class=\"elementor-element elementor-element-5eb5946 elementor-widget__width-initial elementor-widget elementor-widget-heading\" data-id=\"5eb5946\" data-element_type=\"widget\" data-widget_type=\"heading.default\">\n\t\t\t\t<div class=\"elementor-widget-container\">\n\t\t\t<h2 class=\"elementor-heading-title elementor-size-default\"> <b> Reducci\u00f3n de olores y emisiones <\/b> en el exterior, mejorando el bienestar de los vecinos.<\/h2>\t\t<\/div>\n\t\t\t\t<\/div>\n\t\t\t\t\t<\/div>\n\t\t\t\t<\/div>\n\t\t<div class=\"elementor-element elementor-element-6418631 e-flex e-con-boxed elementor-invisible e-con e-child\" data-id=\"6418631\" data-element_type=\"container\" data-settings=\"{&quot;animation&quot;:&quot;fadeInLeft&quot;}\">\n\t\t\t\t\t<div class=\"e-con-inner\">\n\t\t\t\t<div class=\"elementor-element elementor-element-3b2db9d elementor-widget elementor-widget-image\" data-id=\"3b2db9d\" data-element_type=\"widget\" data-widget_type=\"image.default\">\n\t\t\t\t<div class=\"elementor-widget-container\">\n\t\t\t\t\t\t\t\t\t\t\t\t\t<img loading=\"lazy\" decoding=\"async\" width=\"90\" height=\"151\" src=\"https:\/\/www.supravent.com\/wp-content\/uploads\/2023\/12\/temperatura.png\" class=\"attachment-large size-large wp-image-886\" alt=\"\" \/>\t\t\t\t\t\t\t\t\t\t\t\t\t<\/div>\n\t\t\t\t<\/div>\n\t\t\t\t<div class=\"elementor-element elementor-element-e3b7a57 elementor-widget__width-initial elementor-widget elementor-widget-heading\" data-id=\"e3b7a57\" data-element_type=\"widget\" data-widget_type=\"heading.default\">\n\t\t\t\t<div class=\"elementor-widget-container\">\n\t\t\t<h2 class=\"elementor-heading-title elementor-size-default\"> <b> Reducci\u00f3n de la temperatura del aire <\/b> previniendo los riesgos de un conducto con alta temperatura y expulsando el aire resultante a temperatura ambiente.<\/h2>\t\t<\/div>\n\t\t\t\t<\/div>\n\t\t\t\t\t<\/div>\n\t\t\t\t<\/div>\n\t\t\t\t<\/div>\n\t\t<div class=\"elementor-element elementor-element-19aea6b e-con-full e-flex e-con e-child\" data-id=\"19aea6b\" data-element_type=\"container\">\n\t\t\t\t<div class=\"elementor-element elementor-element-7648413 elementor-widget elementor-widget-image\" data-id=\"7648413\" data-element_type=\"widget\" data-settings=\"{&quot;motion_fx_motion_fx_scrolling&quot;:&quot;yes&quot;,&quot;motion_fx_translateY_effect&quot;:&quot;yes&quot;,&quot;motion_fx_translateY_direction&quot;:&quot;negative&quot;,&quot;motion_fx_devices&quot;:[&quot;desktop&quot;,&quot;laptop&quot;,&quot;tablet&quot;],&quot;motion_fx_translateY_speed&quot;:{&quot;unit&quot;:&quot;px&quot;,&quot;size&quot;:4,&quot;sizes&quot;:[]},&quot;motion_fx_translateY_affectedRange&quot;:{&quot;unit&quot;:&quot;%&quot;,&quot;size&quot;:&quot;&quot;,&quot;sizes&quot;:{&quot;start&quot;:0,&quot;end&quot;:100}}}\" data-widget_type=\"image.default\">\n\t\t\t\t<div class=\"elementor-widget-container\">\n\t\t\t\t\t\t\t\t\t\t\t\t\t<img loading=\"lazy\" decoding=\"async\" width=\"682\" height=\"1024\" src=\"https:\/\/www.supravent.com\/wp-content\/uploads\/2023\/12\/sostenibilidad-682x1024.png\" class=\"attachment-large size-large wp-image-874\" alt=\"\" srcset=\"https:\/\/www.supravent.com\/wp-content\/uploads\/2023\/12\/sostenibilidad-682x1024.png 682w, https:\/\/www.supravent.com\/wp-content\/uploads\/2023\/12\/sostenibilidad-200x300.png 200w, https:\/\/www.supravent.com\/wp-content\/uploads\/2023\/12\/sostenibilidad-768x1153.png 768w, https:\/\/www.supravent.com\/wp-content\/uploads\/2023\/12\/sostenibilidad.png 1019w\" sizes=\"(max-width: 682px) 100vw, 682px\" \/>\t\t\t\t\t\t\t\t\t\t\t\t\t<\/div>\n\t\t\t\t<\/div>\n\t\t\t\t<\/div>\n\t\t<div class=\"elementor-element elementor-element-025b0c0 e-con-full e-flex e-con e-child\" data-id=\"025b0c0\" data-element_type=\"container\">\n\t\t<div class=\"elementor-element elementor-element-8647693 e-flex e-con-boxed elementor-invisible e-con e-child\" data-id=\"8647693\" data-element_type=\"container\" data-settings=\"{&quot;animation&quot;:&quot;fadeInRight&quot;}\">\n\t\t\t\t\t<div class=\"e-con-inner\">\n\t\t\t\t<div class=\"elementor-element elementor-element-1243412 elementor-widget elementor-widget-image\" data-id=\"1243412\" data-element_type=\"widget\" data-widget_type=\"image.default\">\n\t\t\t\t<div class=\"elementor-widget-container\">\n\t\t\t\t\t\t\t\t\t\t\t\t\t<img loading=\"lazy\" decoding=\"async\" width=\"108\" height=\"131\" src=\"https:\/\/www.supravent.com\/wp-content\/uploads\/2023\/12\/chispas.png\" class=\"attachment-large size-large wp-image-882\" alt=\"\" \/>\t\t\t\t\t\t\t\t\t\t\t\t\t<\/div>\n\t\t\t\t<\/div>\n\t\t\t\t<div class=\"elementor-element elementor-element-e3ebd6e elementor-widget__width-initial elementor-widget elementor-widget-heading\" data-id=\"e3ebd6e\" data-element_type=\"widget\" data-widget_type=\"heading.default\">\n\t\t\t\t<div class=\"elementor-widget-container\">\n\t\t\t<h2 class=\"elementor-heading-title elementor-size-default\"> <b> Eliminaci\u00f3n de chispas <\/b> y prevenci\u00f3n del paso de las llamas.<\/h2>\t\t<\/div>\n\t\t\t\t<\/div>\n\t\t\t\t\t<\/div>\n\t\t\t\t<\/div>\n\t\t<div class=\"elementor-element elementor-element-9344ccc e-flex e-con-boxed elementor-invisible e-con e-child\" data-id=\"9344ccc\" data-element_type=\"container\" data-settings=\"{&quot;animation&quot;:&quot;fadeInRight&quot;}\">\n\t\t\t\t\t<div class=\"e-con-inner\">\n\t\t\t\t<div class=\"elementor-element elementor-element-305e7a8 elementor-widget elementor-widget-image\" data-id=\"305e7a8\" data-element_type=\"widget\" data-widget_type=\"image.default\">\n\t\t\t\t<div class=\"elementor-widget-container\">\n\t\t\t\t\t\t\t\t\t\t\t\t\t<img loading=\"lazy\" decoding=\"async\" width=\"157\" height=\"98\" src=\"https:\/\/www.supravent.com\/wp-content\/uploads\/2023\/12\/eficiencia.png\" class=\"attachment-large size-large wp-image-883\" alt=\"\" \/>\t\t\t\t\t\t\t\t\t\t\t\t\t<\/div>\n\t\t\t\t<\/div>\n\t\t\t\t<div class=\"elementor-element elementor-element-db3262f elementor-widget__width-initial elementor-widget elementor-widget-heading\" data-id=\"db3262f\" data-element_type=\"widget\" data-widget_type=\"heading.default\">\n\t\t\t\t<div class=\"elementor-widget-container\">\n\t\t\t<h2 class=\"elementor-heading-title elementor-size-default\"> <b> Eficiencia en la eliminaci\u00f3n <\/b> de grasas, cenizas y otras part\u00edculas vol\u00e1tiles.<\/h2>\t\t<\/div>\n\t\t\t\t<\/div>\n\t\t\t\t\t<\/div>\n\t\t\t\t<\/div>\n\t\t<div class=\"elementor-element elementor-element-e323c01 e-flex e-con-boxed elementor-invisible e-con e-child\" data-id=\"e323c01\" data-element_type=\"container\" data-settings=\"{&quot;animation&quot;:&quot;fadeInRight&quot;}\">\n\t\t\t\t\t<div class=\"e-con-inner\">\n\t\t\t\t<div class=\"elementor-element elementor-element-20211a3 elementor-widget elementor-widget-image\" data-id=\"20211a3\" data-element_type=\"widget\" data-widget_type=\"image.default\">\n\t\t\t\t<div class=\"elementor-widget-container\">\n\t\t\t\t\t\t\t\t\t\t\t\t\t<img loading=\"lazy\" decoding=\"async\" width=\"103\" height=\"101\" src=\"https:\/\/www.supravent.com\/wp-content\/uploads\/2023\/12\/prevencion.png\" class=\"attachment-large size-large wp-image-885\" alt=\"\" \/>\t\t\t\t\t\t\t\t\t\t\t\t\t<\/div>\n\t\t\t\t<\/div>\n\t\t\t\t<div class=\"elementor-element elementor-element-01167b8 elementor-widget__width-initial elementor-widget elementor-widget-heading\" data-id=\"01167b8\" data-element_type=\"widget\" data-widget_type=\"heading.default\">\n\t\t\t\t<div class=\"elementor-widget-container\">\n\t\t\t<h2 class=\"elementor-heading-title elementor-size-default\"> <b> Prevenci\u00f3n de la creaci\u00f3n de dep\u00f3sitos de grasa <\/b> y\/o de creosota en los conductos eliminando los riesgos de ignici\u00f3n.<\/h2>\t\t<\/div>\n\t\t\t\t<\/div>\n\t\t\t\t\t<\/div>\n\t\t\t\t<\/div>\n\t\t\t\t<\/div>\n\t\t\t\t\t<\/div>\n\t\t\t\t<\/div>\n\t\t\t\t<\/div>\n\t\t\t\t<\/div>\n\t\t","protected":false},"excerpt":{"rendered":"<p>Chi siamo Supravent\u00ae es una empresa de propiedad familiar dedicada a la ventilaci\u00f3n, extracci\u00f3n y filtraci\u00f3n industrial para la hosteler\u00eda, con 40 a\u00f1os de experiencia en el sector. Las campanas extractoras Supravent\u00ae est\u00e1n dise\u00f1adas para cubrir las necesidades de todo tipo de cocinas profesionales y restaurantes, los cuales, requieren de la m\u00e1xima filtraci\u00f3n y extracci\u00f3n&hellip;&nbsp;<a href=\"https:\/\/www.supravent.com\/it\/chi-siamo\/\" class=\"\" rel=\"bookmark\">Leggi tutto &raquo;<span class=\"screen-reader-text\">Chi siamo<\/span><\/a><\/p>\n","protected":false},"author":1,"featured_media":1393,"parent":0,"menu_order":0,"comment_status":"closed","ping_status":"closed","template":"page-templates\/template-pagebuilder-full-width.php","meta":{"_acf_changed":false,"neve_meta_sidebar":"","neve_meta_container":"","neve_meta_enable_content_width":"off","neve_meta_content_width":100,"neve_meta_title_alignment":"","neve_meta_author_avatar":"","neve_post_elements_order":"","neve_meta_disable_header":"","neve_meta_disable_footer":"","neve_meta_disable_title":"","footnotes":""},"class_list":["post-1412","page","type-page","status-publish","has-post-thumbnail","hentry"],"acf":[],"yoast_head":"<!-- This site is optimized with the Yoast SEO plugin v24.1 - https:\/\/yoast.com\/wordpress\/plugins\/seo\/ -->\n<title>Chi siamo | SUPRAVENT<\/title>\n<meta name=\"description\" content=\"Supravent\u00ae \u00e8 un&#039;azienda dedicata alla ventilazione industriale, all&#039;aspirazione e alla filtrazione per il settore alberghiero, con 40 anni di esperienza.\" \/>\n<meta name=\"robots\" content=\"index, follow, max-snippet:-1, max-image-preview:large, max-video-preview:-1\" \/>\n<link rel=\"canonical\" href=\"https:\/\/www.supravent.com\/it\/chi-siamo\/\" \/>\n<meta property=\"og:locale\" content=\"it_IT\" \/>\n<meta property=\"og:type\" content=\"article\" \/>\n<meta property=\"og:title\" content=\"Chi siamo | SUPRAVENT\" \/>\n<meta property=\"og:description\" content=\"Supravent\u00ae \u00e8 un&#039;azienda dedicata alla ventilazione industriale, all&#039;aspirazione e alla filtrazione per il settore alberghiero, con 40 anni di esperienza.\" \/>\n<meta property=\"og:url\" content=\"https:\/\/www.supravent.com\/it\/chi-siamo\/\" \/>\n<meta property=\"og:site_name\" content=\"SUPRAVENT\" \/>\n<meta property=\"article:modified_time\" content=\"2024-10-25T09:46:40+00:00\" \/>\n<meta property=\"og:image\" content=\"https:\/\/www.supravent.com\/wp-content\/uploads\/2023\/11\/Mibrasa_botic_robatayaki_charcoal_grill-scaled.jpg\" \/>\n\t<meta property=\"og:image:width\" content=\"2560\" \/>\n\t<meta property=\"og:image:height\" content=\"1709\" \/>\n\t<meta property=\"og:image:type\" content=\"image\/jpeg\" \/>\n<meta name=\"twitter:card\" content=\"summary_large_image\" \/>\n<meta name=\"twitter:label1\" content=\"Tempo di lettura stimato\" \/>\n\t<meta name=\"twitter:data1\" content=\"1 minuto\" \/>\n<script type=\"application\/ld+json\" class=\"yoast-schema-graph\">{\"@context\":\"https:\/\/schema.org\",\"@graph\":[{\"@type\":\"WebPage\",\"@id\":\"https:\/\/www.supravent.com\/it\/chi-siamo\/\",\"url\":\"https:\/\/www.supravent.com\/it\/chi-siamo\/\",\"name\":\"Chi siamo | SUPRAVENT\",\"isPartOf\":{\"@id\":\"https:\/\/www.supravent.com\/it\/#website\"},\"primaryImageOfPage\":{\"@id\":\"https:\/\/www.supravent.com\/it\/chi-siamo\/#primaryimage\"},\"image\":{\"@id\":\"https:\/\/www.supravent.com\/it\/chi-siamo\/#primaryimage\"},\"thumbnailUrl\":\"https:\/\/www.supravent.com\/wp-content\/uploads\/2023\/11\/Mibrasa_botic_robatayaki_charcoal_grill-scaled.jpg\",\"datePublished\":\"2023-12-01T07:55:08+00:00\",\"dateModified\":\"2024-10-25T09:46:40+00:00\",\"description\":\"Supravent\u00ae \u00e8 un'azienda dedicata alla ventilazione industriale, all'aspirazione e alla filtrazione per il settore alberghiero, con 40 anni di esperienza.\",\"breadcrumb\":{\"@id\":\"https:\/\/www.supravent.com\/it\/chi-siamo\/#breadcrumb\"},\"inLanguage\":\"it-IT\",\"potentialAction\":[{\"@type\":\"ReadAction\",\"target\":[\"https:\/\/www.supravent.com\/it\/chi-siamo\/\"]}]},{\"@type\":\"ImageObject\",\"inLanguage\":\"it-IT\",\"@id\":\"https:\/\/www.supravent.com\/it\/chi-siamo\/#primaryimage\",\"url\":\"https:\/\/www.supravent.com\/wp-content\/uploads\/2023\/11\/Mibrasa_botic_robatayaki_charcoal_grill-scaled.jpg\",\"contentUrl\":\"https:\/\/www.supravent.com\/wp-content\/uploads\/2023\/11\/Mibrasa_botic_robatayaki_charcoal_grill-scaled.jpg\",\"width\":2560,\"height\":1709},{\"@type\":\"BreadcrumbList\",\"@id\":\"https:\/\/www.supravent.com\/it\/chi-siamo\/#breadcrumb\",\"itemListElement\":[{\"@type\":\"ListItem\",\"position\":1,\"name\":\"Supravent\",\"item\":\"https:\/\/www.supravent.com\/it\/\"},{\"@type\":\"ListItem\",\"position\":2,\"name\":\"Chi siamo\"}]},{\"@type\":\"WebSite\",\"@id\":\"https:\/\/www.supravent.com\/it\/#website\",\"url\":\"https:\/\/www.supravent.com\/it\/\",\"name\":\"SUPRAVENT\",\"description\":\"Soluciones de ventilaci\u00f3n\",\"publisher\":{\"@id\":\"https:\/\/www.supravent.com\/it\/#organization\"},\"alternateName\":\"SUPRAVENT\",\"potentialAction\":[{\"@type\":\"SearchAction\",\"target\":{\"@type\":\"EntryPoint\",\"urlTemplate\":\"https:\/\/www.supravent.com\/it\/?s={search_term_string}\"},\"query-input\":{\"@type\":\"PropertyValueSpecification\",\"valueRequired\":true,\"valueName\":\"search_term_string\"}}],\"inLanguage\":\"it-IT\"},{\"@type\":\"Organization\",\"@id\":\"https:\/\/www.supravent.com\/it\/#organization\",\"name\":\"SUPRAVENT\",\"alternateName\":\"SUPRAVENT\",\"url\":\"https:\/\/www.supravent.com\/it\/\",\"logo\":{\"@type\":\"ImageObject\",\"inLanguage\":\"it-IT\",\"@id\":\"https:\/\/www.supravent.com\/it\/#\/schema\/logo\/image\/\",\"url\":\"https:\/\/www.supravent.com\/wp-content\/uploads\/2023\/11\/mini-imagotip.svg\",\"contentUrl\":\"https:\/\/www.supravent.com\/wp-content\/uploads\/2023\/11\/mini-imagotip.svg\",\"width\":16,\"height\":17,\"caption\":\"SUPRAVENT\"},\"image\":{\"@id\":\"https:\/\/www.supravent.com\/it\/#\/schema\/logo\/image\/\"}}]}<\/script>\n<!-- \/ Yoast SEO plugin. -->","yoast_head_json":{"title":"Chi siamo | SUPRAVENT","description":"Supravent\u00ae \u00e8 un'azienda dedicata alla ventilazione industriale, all'aspirazione e alla filtrazione per il settore alberghiero, con 40 anni di esperienza.","robots":{"index":"index","follow":"follow","max-snippet":"max-snippet:-1","max-image-preview":"max-image-preview:large","max-video-preview":"max-video-preview:-1"},"canonical":"https:\/\/www.supravent.com\/it\/chi-siamo\/","og_locale":"it_IT","og_type":"article","og_title":"Chi siamo | SUPRAVENT","og_description":"Supravent\u00ae \u00e8 un'azienda dedicata alla ventilazione industriale, all'aspirazione e alla filtrazione per il settore alberghiero, con 40 anni di esperienza.","og_url":"https:\/\/www.supravent.com\/it\/chi-siamo\/","og_site_name":"SUPRAVENT","article_modified_time":"2024-10-25T09:46:40+00:00","og_image":[{"width":2560,"height":1709,"url":"https:\/\/www.supravent.com\/wp-content\/uploads\/2023\/11\/Mibrasa_botic_robatayaki_charcoal_grill-scaled.jpg","type":"image\/jpeg"}],"twitter_card":"summary_large_image","twitter_misc":{"Tempo di lettura stimato":"1 minuto"},"schema":{"@context":"https:\/\/schema.org","@graph":[{"@type":"WebPage","@id":"https:\/\/www.supravent.com\/it\/chi-siamo\/","url":"https:\/\/www.supravent.com\/it\/chi-siamo\/","name":"Chi siamo | SUPRAVENT","isPartOf":{"@id":"https:\/\/www.supravent.com\/it\/#website"},"primaryImageOfPage":{"@id":"https:\/\/www.supravent.com\/it\/chi-siamo\/#primaryimage"},"image":{"@id":"https:\/\/www.supravent.com\/it\/chi-siamo\/#primaryimage"},"thumbnailUrl":"https:\/\/www.supravent.com\/wp-content\/uploads\/2023\/11\/Mibrasa_botic_robatayaki_charcoal_grill-scaled.jpg","datePublished":"2023-12-01T07:55:08+00:00","dateModified":"2024-10-25T09:46:40+00:00","description":"Supravent\u00ae \u00e8 un'azienda dedicata alla ventilazione industriale, all'aspirazione e alla filtrazione per il settore alberghiero, con 40 anni di esperienza.","breadcrumb":{"@id":"https:\/\/www.supravent.com\/it\/chi-siamo\/#breadcrumb"},"inLanguage":"it-IT","potentialAction":[{"@type":"ReadAction","target":["https:\/\/www.supravent.com\/it\/chi-siamo\/"]}]},{"@type":"ImageObject","inLanguage":"it-IT","@id":"https:\/\/www.supravent.com\/it\/chi-siamo\/#primaryimage","url":"https:\/\/www.supravent.com\/wp-content\/uploads\/2023\/11\/Mibrasa_botic_robatayaki_charcoal_grill-scaled.jpg","contentUrl":"https:\/\/www.supravent.com\/wp-content\/uploads\/2023\/11\/Mibrasa_botic_robatayaki_charcoal_grill-scaled.jpg","width":2560,"height":1709},{"@type":"BreadcrumbList","@id":"https:\/\/www.supravent.com\/it\/chi-siamo\/#breadcrumb","itemListElement":[{"@type":"ListItem","position":1,"name":"Supravent","item":"https:\/\/www.supravent.com\/it\/"},{"@type":"ListItem","position":2,"name":"Chi siamo"}]},{"@type":"WebSite","@id":"https:\/\/www.supravent.com\/it\/#website","url":"https:\/\/www.supravent.com\/it\/","name":"SUPRAVENT","description":"Soluciones de ventilaci\u00f3n","publisher":{"@id":"https:\/\/www.supravent.com\/it\/#organization"},"alternateName":"SUPRAVENT","potentialAction":[{"@type":"SearchAction","target":{"@type":"EntryPoint","urlTemplate":"https:\/\/www.supravent.com\/it\/?s={search_term_string}"},"query-input":{"@type":"PropertyValueSpecification","valueRequired":true,"valueName":"search_term_string"}}],"inLanguage":"it-IT"},{"@type":"Organization","@id":"https:\/\/www.supravent.com\/it\/#organization","name":"SUPRAVENT","alternateName":"SUPRAVENT","url":"https:\/\/www.supravent.com\/it\/","logo":{"@type":"ImageObject","inLanguage":"it-IT","@id":"https:\/\/www.supravent.com\/it\/#\/schema\/logo\/image\/","url":"https:\/\/www.supravent.com\/wp-content\/uploads\/2023\/11\/mini-imagotip.svg","contentUrl":"https:\/\/www.supravent.com\/wp-content\/uploads\/2023\/11\/mini-imagotip.svg","width":16,"height":17,"caption":"SUPRAVENT"},"image":{"@id":"https:\/\/www.supravent.com\/it\/#\/schema\/logo\/image\/"}}]}},"_links":{"self":[{"href":"https:\/\/www.supravent.com\/it\/wp-json\/wp\/v2\/pages\/1412"}],"collection":[{"href":"https:\/\/www.supravent.com\/it\/wp-json\/wp\/v2\/pages"}],"about":[{"href":"https:\/\/www.supravent.com\/it\/wp-json\/wp\/v2\/types\/page"}],"author":[{"embeddable":true,"href":"https:\/\/www.supravent.com\/it\/wp-json\/wp\/v2\/users\/1"}],"replies":[{"embeddable":true,"href":"https:\/\/www.supravent.com\/it\/wp-json\/wp\/v2\/comments?post=1412"}],"version-history":[{"count":3,"href":"https:\/\/www.supravent.com\/it\/wp-json\/wp\/v2\/pages\/1412\/revisions"}],"predecessor-version":[{"id":1608,"href":"https:\/\/www.supravent.com\/it\/wp-json\/wp\/v2\/pages\/1412\/revisions\/1608"}],"wp:featuredmedia":[{"embeddable":true,"href":"https:\/\/www.supravent.com\/it\/wp-json\/wp\/v2\/media\/1393"}],"wp:attachment":[{"href":"https:\/\/www.supravent.com\/it\/wp-json\/wp\/v2\/media?parent=1412"}],"curies":[{"name":"wp","href":"https:\/\/api.w.org\/{rel}","templated":true}]}}